{"id":3103,"date":"2024-08-05T16:46:04","date_gmt":"2024-08-05T14:46:04","guid":{"rendered":"https:\/\/after-agency.com\/cookies\/"},"modified":"2025-07-05T12:53:03","modified_gmt":"2025-07-05T10:53:03","slug":"cookies","status":"publish","type":"page","link":"https:\/\/after-agency.com\/fr\/cookies\/","title":{"rendered":"Cookies"},"content":{"rendered":"\t\t<div data-elementor-type=\"wp-page\" data-elementor-id=\"3103\" class=\"elementor elementor-3103 elementor-2091\" data-elementor-post-type=\"page\">\n\t\t\t\t<div class=\"elementor-element elementor-element-dc3f8a4 e-con-full e-flex e-con e-parent\" data-id=\"dc3f8a4\" data-element_type=\"container\">\n\t\t<div class=\"elementor-element elementor-element-6aefa85 e-con-full e-flex e-con e-child\" data-id=\"6aefa85\" data-element_type=\"container\">\n\t\t\t\t<div class=\"elementor-element elementor-element-1659483 elementor-widget elementor-widget-heading\" data-id=\"1659483\" data-element_type=\"widget\" data-widget_type=\"heading.default\">\n\t\t\t\t<div class=\"elementor-widget-container\">\n\t\t\t\t\t<h1 class=\"elementor-heading-title elementor-size-default\">Politique en mati\u00e8re de cookies<\/h1>\t\t\t\t<\/div>\n\t\t\t\t<\/div>\n\t\t\t\t<\/div>\n\t\t<div class=\"elementor-element elementor-element-abb4303 e-con-full e-flex e-con e-child\" data-id=\"abb4303\" data-element_type=\"container\">\n\t\t\t\t<\/div>\n\t\t\t\t<\/div>\n\t\t<div class=\"elementor-element elementor-element-23363d0 e-con-full e-flex e-con e-parent\" data-id=\"23363d0\" data-element_type=\"container\" data-settings=\"{&quot;background_background&quot;:&quot;classic&quot;}\">\n\t\t\t\t<div class=\"elementor-element elementor-element-8e45854 elementor-widget-divider--view-line elementor-widget elementor-widget-divider\" data-id=\"8e45854\" data-element_type=\"widget\" data-widget_type=\"divider.default\">\n\t\t\t\t<div class=\"elementor-widget-container\">\n\t\t\t\t\t\t\t<div class=\"elementor-divider\">\n\t\t\t<span class=\"elementor-divider-separator\">\n\t\t\t\t\t\t<\/span>\n\t\t<\/div>\n\t\t\t\t\t\t<\/div>\n\t\t\t\t<\/div>\n\t\t\t\t<\/div>\n\t\t<div class=\"elementor-element elementor-element-d851d62 e-con-full e-flex e-con e-parent\" data-id=\"d851d62\" data-element_type=\"container\">\n\t\t\t\t<div class=\"elementor-element elementor-element-e30e3e6 elementor-widget elementor-widget-text-editor\" data-id=\"e30e3e6\" data-element_type=\"widget\" data-widget_type=\"text-editor.default\">\n\t\t\t\t<div class=\"elementor-widget-container\">\n\t\t\t\t\t\t\t\t\t<p>Un cookie est un fichier qui est t\u00e9l\u00e9charg\u00e9 sur votre ordinateur lorsque vous acc\u00e9dez \u00e0 certaines pages web. Les cookies permettent \u00e0 un site web, entre autres, de stocker et de r\u00e9cup\u00e9rer des informations sur les habitudes de navigation d&rsquo;un utilisateur ou sur son \u00e9quipement et, en fonction des informations qu&rsquo;ils contiennent et de la mani\u00e8re dont il utilise son \u00e9quipement, ils peuvent \u00eatre utilis\u00e9s pour reconna\u00eetre l&rsquo;utilisateur. Le navigateur de l&rsquo;utilisateur ne stocke les cookies sur le disque dur que pendant la session en cours, ce qui occupe un espace m\u00e9moire minimal et n&rsquo;endommage pas l&rsquo;ordinateur. Les cookies ne contiennent aucune information personnelle sp\u00e9cifique et la plupart d&rsquo;entre eux sont supprim\u00e9s de votre disque dur \u00e0 la fin de votre session de navigation (cookies de session).   <\/p>\n<p>La plupart des navigateurs acceptent les cookies en standard et, ind\u00e9pendamment d&rsquo;eux, autorisent ou emp\u00eachent les cookies temporaires ou stock\u00e9s dans les param\u00e8tres de s\u00e9curit\u00e9.<\/p>\n<p><strong>Types de cookies utilis\u00e9s par ce site web et leur finalit\u00e9 :<\/strong><\/p>\n<p><strong>Cookies techniques :<\/strong>  Ils permettent \u00e0 l&rsquo;utilisateur de naviguer sur un site web, une plateforme ou une application et d&rsquo;utiliser les diff\u00e9rentes options ou services qui y sont propos\u00e9s, comme, par exemple, le contr\u00f4le du trafic et de la communication des donn\u00e9es, l&rsquo;identification de la session, l&rsquo;acc\u00e8s \u00e0 des zones d&rsquo;acc\u00e8s restreint, la m\u00e9morisation des \u00e9l\u00e9ments qui composent une commande, l&rsquo;ex\u00e9cution du processus d&rsquo;achat d&rsquo;une commande, la demande d&rsquo;inscription ou la participation \u00e0 un \u00e9v\u00e9nement, l&rsquo;utilisation d&rsquo;\u00e9l\u00e9ments de s\u00e9curit\u00e9 lors de la navigation, le stockage de contenus pour la diffusion de vid\u00e9os ou de sons ou le partage de contenus sur les r\u00e9seaux sociaux.<\/p>\n<p><strong>Cookies de personnalisation :<\/strong> Ces cookies permettent \u00e0 l&rsquo;utilisateur d&rsquo;acc\u00e9der au service avec certaines caract\u00e9ristiques g\u00e9n\u00e9rales pr\u00e9d\u00e9finies en fonction d&rsquo;une s\u00e9rie de crit\u00e8res pr\u00e9sents dans le terminal de l&rsquo;utilisateur, tels que la langue, le type de navigateur utilis\u00e9 pour acc\u00e9der au service, la configuration r\u00e9gionale \u00e0 partir de laquelle on acc\u00e8de au service, etc.<\/p>\n<p><strong>Cookies d&rsquo;analyse :<\/strong> il s&rsquo;agit de cookies qui sont trait\u00e9s par nous-m\u00eames ou par des tiers et qui nous permettent de quantifier le nombre d&rsquo;utilisateurs et de proc\u00e9der ainsi \u00e0 la mesure et \u00e0 l&rsquo;analyse statistique de l&rsquo;utilisation faite par les utilisateurs du service offert. A cette fin, votre navigation sur notre site est analys\u00e9e afin d&rsquo;am\u00e9liorer la gamme de produits ou de services que nous vous proposons. <\/p>\n<p><strong>Cookies de tiers :<\/strong> Le site Internet d&rsquo;After Worldwide S.L. (ci-apr\u00e8s After) peut utiliser des services de tiers qui, pour le compte d&rsquo;After, collectent des informations \u00e0 des fins statistiques, pour l&rsquo;utilisation du site par l&rsquo;utilisateur et pour la fourniture d&rsquo;autres services li\u00e9s \u00e0 l&rsquo;activit\u00e9 du site Internet et d&rsquo;autres services Internet.<\/p>\n<p>Ce site utilise notamment Google Analytics, un service d&rsquo;analyse de site internet fourni par Google, Inc. domicili\u00e9e aux \u00c9tats-Unis et dont le si\u00e8ge social est situ\u00e9 au 1600 Amphitheatre Parkway, Mountain View, Californie 94043. Pour fournir ces services, ils utilisent des cookies qui collectent des informations, y compris l&rsquo;adresse IP de l&rsquo;utilisateur, qui seront transmises, trait\u00e9es et stock\u00e9es par Google dans les conditions d\u00e9crites sur le site Google.com. Cela inclut la transmission \u00e9ventuelle de ces informations \u00e0 des tiers pour des raisons l\u00e9gales ou lorsque ces tiers traitent les informations pour le compte de Google.   <\/p>\n<p>L&rsquo;utilisateur accepte express\u00e9ment, en utilisant ce site, le traitement des informations collect\u00e9es de la mani\u00e8re et aux fins susmentionn\u00e9es. Vous reconnaissez \u00e9galement avoir connaissance de la possibilit\u00e9 de vous opposer au traitement de ces donn\u00e9es ou informations en refusant l&rsquo;utilisation de cookies en s\u00e9lectionnant les param\u00e8tres appropri\u00e9s \u00e0 cet effet dans votre navigateur. Bien que cette option de blocage des cookies dans votre navigateur puisse ne pas vous permettre d&rsquo;utiliser pleinement toutes les fonctionnalit\u00e9s du site web.  <\/p>\n<p>Vous pouvez autoriser, bloquer ou supprimer les cookies install\u00e9s sur votre ordinateur en configurant les options du navigateur install\u00e9 sur votre ordinateur ou via le panneau de configuration ou de pr\u00e9f\u00e9rences.<\/p>\n<p>Si vous avez des questions concernant cette politique en mati\u00e8re de cookies, vous pouvez contacter After \u00e0 l&rsquo;adresse <a rel=\"noreferrer\">Info@after-agency.com<\/a>.<\/p>\n<p><strong>NOTE :<\/strong> Cette politique en mati\u00e8re de cookies est p\u00e9riodiquement revue et mise \u00e0 jour.<\/p>\t\t\t\t\t\t\t\t<\/div>\n\t\t\t\t<\/div>\n\t\t\t\t<\/div>\n\t\t\t\t<\/div>\n\t\t","protected":false},"excerpt":{"rendered":"<p>Politique en mati\u00e8re de cookies Un cookie est un fichier qui est t\u00e9l\u00e9charg\u00e9 sur votre ordinateur lorsque vous acc\u00e9dez \u00e0 certaines pages web. Les cookies permettent \u00e0 un site web, entre autres, de stocker et de r\u00e9cup\u00e9rer des informations sur les habitudes de navigation d&rsquo;un utilisateur ou sur son \u00e9quipement et, en fonction des informations [&hellip;]<\/p>\n","protected":false},"author":1,"featured_media":0,"parent":0,"menu_order":0,"comment_status":"closed","ping_status":"closed","template":"elementor_header_footer","meta":{"footnotes":""},"class_list":["post-3103","page","type-page","status-publish","hentry"],"yoast_head":"<!-- This site is optimized with the Yoast SEO plugin v24.9 - https:\/\/yoast.com\/wordpress\/plugins\/seo\/ -->\n<title>Cookies - after | Agencia Creativa<\/title>\n<meta name=\"robots\" content=\"index, follow, max-snippet:-1, max-image-preview:large, max-video-preview:-1\" \/>\n<link rel=\"canonical\" href=\"https:\/\/after-agency.com\/fr\/cookies\/\" \/>\n<meta property=\"og:locale\" content=\"fr_FR\" \/>\n<meta property=\"og:type\" content=\"article\" \/>\n<meta property=\"og:title\" content=\"Cookies - after | Agencia Creativa\" \/>\n<meta property=\"og:description\" content=\"Politique en mati\u00e8re de cookies Un cookie est un fichier qui est t\u00e9l\u00e9charg\u00e9 sur votre ordinateur lorsque vous acc\u00e9dez \u00e0 certaines pages web. Les cookies permettent \u00e0 un site web, entre autres, de stocker et de r\u00e9cup\u00e9rer des informations sur les habitudes de navigation d&rsquo;un utilisateur ou sur son \u00e9quipement et, en fonction des informations [&hellip;]\" \/>\n<meta property=\"og:url\" content=\"https:\/\/after-agency.com\/fr\/cookies\/\" \/>\n<meta property=\"og:site_name\" content=\"after | Agencia Creativa\" \/>\n<meta property=\"article:modified_time\" content=\"2025-07-05T10:53:03+00:00\" \/>\n<meta name=\"twitter:card\" content=\"summary_large_image\" \/>\n<meta name=\"twitter:site\" content=\"@SomosAfter\" \/>\n<meta name=\"twitter:label1\" content=\"Dur\u00e9e de lecture estim\u00e9e\" \/>\n\t<meta name=\"twitter:data1\" content=\"4 minutes\" \/>\n<script type=\"application\/ld+json\" class=\"yoast-schema-graph\">{\"@context\":\"https:\/\/schema.org\",\"@graph\":[{\"@type\":\"WebPage\",\"@id\":\"https:\/\/after-agency.com\/fr\/cookies\/\",\"url\":\"https:\/\/after-agency.com\/fr\/cookies\/\",\"name\":\"Cookies - after | Agencia Creativa\",\"isPartOf\":{\"@id\":\"https:\/\/after-agency.com\/fr\/#website\"},\"datePublished\":\"2024-08-05T14:46:04+00:00\",\"dateModified\":\"2025-07-05T10:53:03+00:00\",\"breadcrumb\":{\"@id\":\"https:\/\/after-agency.com\/fr\/cookies\/#breadcrumb\"},\"inLanguage\":\"fr-FR\",\"potentialAction\":[{\"@type\":\"ReadAction\",\"target\":[\"https:\/\/after-agency.com\/fr\/cookies\/\"]}]},{\"@type\":\"BreadcrumbList\",\"@id\":\"https:\/\/after-agency.com\/fr\/cookies\/#breadcrumb\",\"itemListElement\":[{\"@type\":\"ListItem\",\"position\":1,\"name\":\"Portada\",\"item\":\"https:\/\/after-agency.com\/fr\/\"},{\"@type\":\"ListItem\",\"position\":2,\"name\":\"Cookies\"}]},{\"@type\":\"WebSite\",\"@id\":\"https:\/\/after-agency.com\/fr\/#website\",\"url\":\"https:\/\/after-agency.com\/fr\/\",\"name\":\"after | Agencia Creativa\",\"description\":\"\",\"publisher\":{\"@id\":\"https:\/\/after-agency.com\/fr\/#organization\"},\"potentialAction\":[{\"@type\":\"SearchAction\",\"target\":{\"@type\":\"EntryPoint\",\"urlTemplate\":\"https:\/\/after-agency.com\/fr\/?s={search_term_string}\"},\"query-input\":{\"@type\":\"PropertyValueSpecification\",\"valueRequired\":true,\"valueName\":\"search_term_string\"}}],\"inLanguage\":\"fr-FR\"},{\"@type\":\"Organization\",\"@id\":\"https:\/\/after-agency.com\/fr\/#organization\",\"name\":\"after | Agencia Creativa\",\"url\":\"https:\/\/after-agency.com\/fr\/\",\"logo\":{\"@type\":\"ImageObject\",\"inLanguage\":\"fr-FR\",\"@id\":\"https:\/\/after-agency.com\/fr\/#\/schema\/logo\/image\/\",\"url\":\"https:\/\/after-agency.com\/wp-content\/uploads\/2024\/12\/aftersharetv_logo-2.jpeg\",\"contentUrl\":\"https:\/\/after-agency.com\/wp-content\/uploads\/2024\/12\/aftersharetv_logo-2.jpeg\",\"width\":200,\"height\":200,\"caption\":\"after | Agencia Creativa\"},\"image\":{\"@id\":\"https:\/\/after-agency.com\/fr\/#\/schema\/logo\/image\/\"},\"sameAs\":[\"https:\/\/x.com\/SomosAfter\",\"https:\/\/www.instagram.com\/somosafter\",\"https:\/\/www.linkedin.com\/company\/somosafter\"]}]}<\/script>\n<!-- \/ Yoast SEO plugin. -->","yoast_head_json":{"title":"Cookies - after | Agencia Creativa","robots":{"index":"index","follow":"follow","max-snippet":"max-snippet:-1","max-image-preview":"max-image-preview:large","max-video-preview":"max-video-preview:-1"},"canonical":"https:\/\/after-agency.com\/fr\/cookies\/","og_locale":"fr_FR","og_type":"article","og_title":"Cookies - after | Agencia Creativa","og_description":"Politique en mati\u00e8re de cookies Un cookie est un fichier qui est t\u00e9l\u00e9charg\u00e9 sur votre ordinateur lorsque vous acc\u00e9dez \u00e0 certaines pages web. Les cookies permettent \u00e0 un site web, entre autres, de stocker et de r\u00e9cup\u00e9rer des informations sur les habitudes de navigation d&rsquo;un utilisateur ou sur son \u00e9quipement et, en fonction des informations [&hellip;]","og_url":"https:\/\/after-agency.com\/fr\/cookies\/","og_site_name":"after | Agencia Creativa","article_modified_time":"2025-07-05T10:53:03+00:00","twitter_card":"summary_large_image","twitter_site":"@SomosAfter","twitter_misc":{"Dur\u00e9e de lecture estim\u00e9e":"4 minutes"},"schema":{"@context":"https:\/\/schema.org","@graph":[{"@type":"WebPage","@id":"https:\/\/after-agency.com\/fr\/cookies\/","url":"https:\/\/after-agency.com\/fr\/cookies\/","name":"Cookies - after | Agencia Creativa","isPartOf":{"@id":"https:\/\/after-agency.com\/fr\/#website"},"datePublished":"2024-08-05T14:46:04+00:00","dateModified":"2025-07-05T10:53:03+00:00","breadcrumb":{"@id":"https:\/\/after-agency.com\/fr\/cookies\/#breadcrumb"},"inLanguage":"fr-FR","potentialAction":[{"@type":"ReadAction","target":["https:\/\/after-agency.com\/fr\/cookies\/"]}]},{"@type":"BreadcrumbList","@id":"https:\/\/after-agency.com\/fr\/cookies\/#breadcrumb","itemListElement":[{"@type":"ListItem","position":1,"name":"Portada","item":"https:\/\/after-agency.com\/fr\/"},{"@type":"ListItem","position":2,"name":"Cookies"}]},{"@type":"WebSite","@id":"https:\/\/after-agency.com\/fr\/#website","url":"https:\/\/after-agency.com\/fr\/","name":"after | Agencia Creativa","description":"","publisher":{"@id":"https:\/\/after-agency.com\/fr\/#organization"},"potentialAction":[{"@type":"SearchAction","target":{"@type":"EntryPoint","urlTemplate":"https:\/\/after-agency.com\/fr\/?s={search_term_string}"},"query-input":{"@type":"PropertyValueSpecification","valueRequired":true,"valueName":"search_term_string"}}],"inLanguage":"fr-FR"},{"@type":"Organization","@id":"https:\/\/after-agency.com\/fr\/#organization","name":"after | Agencia Creativa","url":"https:\/\/after-agency.com\/fr\/","logo":{"@type":"ImageObject","inLanguage":"fr-FR","@id":"https:\/\/after-agency.com\/fr\/#\/schema\/logo\/image\/","url":"https:\/\/after-agency.com\/wp-content\/uploads\/2024\/12\/aftersharetv_logo-2.jpeg","contentUrl":"https:\/\/after-agency.com\/wp-content\/uploads\/2024\/12\/aftersharetv_logo-2.jpeg","width":200,"height":200,"caption":"after | Agencia Creativa"},"image":{"@id":"https:\/\/after-agency.com\/fr\/#\/schema\/logo\/image\/"},"sameAs":["https:\/\/x.com\/SomosAfter","https:\/\/www.instagram.com\/somosafter","https:\/\/www.linkedin.com\/company\/somosafter"]}]}},"_links":{"self":[{"href":"https:\/\/after-agency.com\/fr\/wp-json\/wp\/v2\/pages\/3103","targetHints":{"allow":["GET"]}}],"collection":[{"href":"https:\/\/after-agency.com\/fr\/wp-json\/wp\/v2\/pages"}],"about":[{"href":"https:\/\/after-agency.com\/fr\/wp-json\/wp\/v2\/types\/page"}],"author":[{"embeddable":true,"href":"https:\/\/after-agency.com\/fr\/wp-json\/wp\/v2\/users\/1"}],"replies":[{"embeddable":true,"href":"https:\/\/after-agency.com\/fr\/wp-json\/wp\/v2\/comments?post=3103"}],"version-history":[{"count":2,"href":"https:\/\/after-agency.com\/fr\/wp-json\/wp\/v2\/pages\/3103\/revisions"}],"predecessor-version":[{"id":9427,"href":"https:\/\/after-agency.com\/fr\/wp-json\/wp\/v2\/pages\/3103\/revisions\/9427"}],"wp:attachment":[{"href":"https:\/\/after-agency.com\/fr\/wp-json\/wp\/v2\/media?parent=3103"}],"curies":[{"name":"wp","href":"https:\/\/api.w.org\/{rel}","templated":true}]}}