{"id":2948,"date":"2024-07-10T11:48:24","date_gmt":"2024-07-10T09:48:24","guid":{"rendered":"https:\/\/after-agency.com\/methodologie\/"},"modified":"2024-10-01T15:16:29","modified_gmt":"2024-10-01T13:16:29","slug":"methodologie","status":"publish","type":"page","link":"https:\/\/after-agency.com\/fr\/methodologie\/","title":{"rendered":"M\u00e9thodologie"},"content":{"rendered":"\t\t<div data-elementor-type=\"wp-page\" data-elementor-id=\"2948\" class=\"elementor elementor-2948 elementor-52\" data-elementor-post-type=\"page\">\n\t\t\t\t<div class=\"elementor-element elementor-element-c26a7be e-con-full e-flex e-con e-parent\" data-id=\"c26a7be\" data-element_type=\"container\" data-settings=\"{&quot;background_background&quot;:&quot;classic&quot;}\">\n\t\t<div class=\"elementor-element elementor-element-bf50476 e-con-full e-flex e-con e-child\" data-id=\"bf50476\" data-element_type=\"container\">\n\t\t\t\t<div class=\"elementor-element elementor-element-bffffd8 elementor-widget elementor-widget-text-editor\" data-id=\"bffffd8\" data-element_type=\"widget\" data-widget_type=\"text-editor.default\">\n\t\t\t\t<div class=\"elementor-widget-container\">\n\t\t\t\t\t\t\t\t\t<p class=\"p1\">Notre d\u00e9finition de \u00ab Strat\u00e9gie \u00bb passe par les questions que vous vous posez, pas par les r\u00e9ponses que vous donnez. Telle est la m\u00e9thodologie qui anime nos clients : <\/p>\n\t\t\t\t\t\t\t\t<\/div>\n\t\t\t\t<\/div>\n\t\t\t\t<\/div>\n\t\t<div class=\"elementor-element elementor-element-396e1a7 e-con-full e-flex e-con e-child\" data-id=\"396e1a7\" data-element_type=\"container\">\n\t\t\t\t<\/div>\n\t\t\t\t<\/div>\n\t\t<div class=\"elementor-element elementor-element-a02af69 e-con-full e-flex e-con e-parent\" data-id=\"a02af69\" data-element_type=\"container\" data-settings=\"{&quot;background_background&quot;:&quot;classic&quot;}\">\n\t\t<div class=\"elementor-element elementor-element-9e2c3df e-con-full e-flex e-con e-child\" data-id=\"9e2c3df\" data-element_type=\"container\">\n\t\t<div class=\"elementor-element elementor-element-cc09237 e-con-full e-flex e-con e-child\" data-id=\"cc09237\" data-element_type=\"container\">\n\t\t\t\t<div class=\"elementor-element elementor-element-5a4bf8d elementor-widget__width-initial elementor-widget-mobile__width-initial elementor-widget elementor-widget-icon-box\" data-id=\"5a4bf8d\" data-element_type=\"widget\" data-widget_type=\"icon-box.default\">\n\t\t\t\t<div class=\"elementor-widget-container\">\n\t\t\t\t\t\t\t<div class=\"elementor-icon-box-wrapper\">\n\n\t\t\t\n\t\t\t\t\t\t<div class=\"elementor-icon-box-content\">\n\n\t\t\t\t\n\t\t\t\t\t\t\t\t\t<p class=\"elementor-icon-box-description\">\n\t\t\t\t\t\tUne m\u00e9thodologie enregistr\u00e9e qui nous guide dans chaque projet depuis plus de 10 ans.\t\t\t\t\t<\/p>\n\t\t\t\t\n\t\t\t<\/div>\n\t\t\t\n\t\t<\/div>\n\t\t\t\t\t\t<\/div>\n\t\t\t\t<\/div>\n\t\t\t\t<div class=\"elementor-element elementor-element-82d3722 elementor-widget__width-initial elementor-widget-mobile__width-initial elementor-widget elementor-widget-icon-box\" data-id=\"82d3722\" data-element_type=\"widget\" data-widget_type=\"icon-box.default\">\n\t\t\t\t<div class=\"elementor-widget-container\">\n\t\t\t\t\t\t\t<div class=\"elementor-icon-box-wrapper\">\n\n\t\t\t\n\t\t\t\t\t\t<div class=\"elementor-icon-box-content\">\n\n\t\t\t\t\n\t\t\t\t\t\t\t\t\t<p class=\"elementor-icon-box-description\">\n\t\t\t\t\t\tUn outil d'ordonnancement strat\u00e9gique et de r\u00e9flexion perturbatrice et utile.\t\t\t\t\t<\/p>\n\t\t\t\t\n\t\t\t<\/div>\n\t\t\t\n\t\t<\/div>\n\t\t\t\t\t\t<\/div>\n\t\t\t\t<\/div>\n\t\t\t\t<div class=\"elementor-element elementor-element-e30a4a7 elementor-widget__width-initial elementor-widget-mobile__width-initial elementor-widget elementor-widget-icon-box\" data-id=\"e30a4a7\" data-element_type=\"widget\" data-widget_type=\"icon-box.default\">\n\t\t\t\t<div class=\"elementor-widget-container\">\n\t\t\t\t\t\t\t<div class=\"elementor-icon-box-wrapper\">\n\n\t\t\t\n\t\t\t\t\t\t<div class=\"elementor-icon-box-content\">\n\n\t\t\t\t\n\t\t\t\t\t\t\t\t\t<p class=\"elementor-icon-box-description\">\n\t\t\t\t\t\tUn atelier avec plus de 20 questions cr\u00e9atives qui interpellent l'entreprise \u00e0 partir de nouveaux points de vue.\t\t\t\t\t<\/p>\n\t\t\t\t\n\t\t\t<\/div>\n\t\t\t\n\t\t<\/div>\n\t\t\t\t\t\t<\/div>\n\t\t\t\t<\/div>\n\t\t\t\t<div class=\"elementor-element elementor-element-e4266d0 elementor-widget__width-initial elementor-widget-mobile__width-initial elementor-widget elementor-widget-icon-box\" data-id=\"e4266d0\" data-element_type=\"widget\" data-widget_type=\"icon-box.default\">\n\t\t\t\t<div class=\"elementor-widget-container\">\n\t\t\t\t\t\t\t<div class=\"elementor-icon-box-wrapper\">\n\n\t\t\t\n\t\t\t\t\t\t<div class=\"elementor-icon-box-content\">\n\n\t\t\t\t\n\t\t\t\t\t\t\t\t\t<p class=\"elementor-icon-box-description\">\n\t\t\t\t\t\tMercadona, Housfy, MARS, Turespa\u00f1a, TATAY, Inditex... pour des projets strat\u00e9giques ou la formation d'\u00e9quipes internes.\t\t\t\t\t<\/p>\n\t\t\t\t\n\t\t\t<\/div>\n\t\t\t\n\t\t<\/div>\n\t\t\t\t\t\t<\/div>\n\t\t\t\t<\/div>\n\t\t\t\t<\/div>\n\t\t\t\t<\/div>\n\t\t<div class=\"elementor-element elementor-element-ebe489a e-con-full e-flex e-con e-child\" data-id=\"ebe489a\" data-element_type=\"container\">\n\t\t\t\t<div class=\"elementor-element elementor-element-2e9d970 elementor-widget elementor-widget-image\" data-id=\"2e9d970\" data-element_type=\"widget\" data-widget_type=\"image.default\">\n\t\t\t\t<div class=\"elementor-widget-container\">\n\t\t\t\t\t\t\t\t\t\t\t\t\t\t\t<img fetchpriority=\"high\" decoding=\"async\" width=\"800\" height=\"766\" src=\"https:\/\/after-agency.com\/wp-content\/uploads\/2024\/10\/PQC_FR-1024x980.png\" class=\"attachment-large size-large wp-image-5617\" alt=\"\" srcset=\"https:\/\/after-agency.com\/wp-content\/uploads\/2024\/10\/PQC_FR-1024x980.png 1024w, https:\/\/after-agency.com\/wp-content\/uploads\/2024\/10\/PQC_FR-300x287.png 300w, https:\/\/after-agency.com\/wp-content\/uploads\/2024\/10\/PQC_FR-768x735.png 768w, https:\/\/after-agency.com\/wp-content\/uploads\/2024\/10\/PQC_FR.png 1108w\" sizes=\"(max-width: 800px) 100vw, 800px\" \/>\t\t\t\t\t\t\t\t\t\t\t\t\t\t\t<\/div>\n\t\t\t\t<\/div>\n\t\t\t\t<\/div>\n\t\t\t\t<\/div>\n\t\t<div class=\"elementor-element elementor-element-ae174f5 e-flex e-con-boxed e-con e-parent\" data-id=\"ae174f5\" data-element_type=\"container\" data-settings=\"{&quot;background_background&quot;:&quot;classic&quot;}\">\n\t\t\t\t\t<div class=\"e-con-inner\">\n\t\t<div class=\"elementor-element elementor-element-dbba036 e-con-full e-flex e-con e-child\" data-id=\"dbba036\" data-element_type=\"container\" data-settings=\"{&quot;background_background&quot;:&quot;classic&quot;}\">\n\t\t\t\t<div class=\"elementor-element elementor-element-5e4f851 elementor-widget elementor-widget-image\" data-id=\"5e4f851\" data-element_type=\"widget\" data-widget_type=\"image.default\">\n\t\t\t\t<div class=\"elementor-widget-container\">\n\t\t\t\t\t\t\t\t\t\t\t\t\t\t\t<img decoding=\"async\" width=\"742\" height=\"739\" src=\"https:\/\/after-agency.com\/wp-content\/uploads\/2024\/07\/foto_1_big.png\" class=\"attachment-large size-large wp-image-2703\" alt=\"\" srcset=\"https:\/\/after-agency.com\/wp-content\/uploads\/2024\/07\/foto_1_big.png 742w, https:\/\/after-agency.com\/wp-content\/uploads\/2024\/07\/foto_1_big-300x300.png 300w, https:\/\/after-agency.com\/wp-content\/uploads\/2024\/07\/foto_1_big-150x150.png 150w\" sizes=\"(max-width: 742px) 100vw, 742px\" \/>\t\t\t\t\t\t\t\t\t\t\t\t\t\t\t<\/div>\n\t\t\t\t<\/div>\n\t\t\t\t<\/div>\n\t\t<div class=\"elementor-element elementor-element-31cbe88 e-con-full e-flex e-con e-child\" data-id=\"31cbe88\" data-element_type=\"container\">\n\t\t<div class=\"elementor-element elementor-element-de331c6 e-con-full e-flex e-con e-child\" data-id=\"de331c6\" data-element_type=\"container\">\n\t\t\t\t<div class=\"elementor-element elementor-element-17c662c elementor-widget elementor-widget-image\" data-id=\"17c662c\" data-element_type=\"widget\" data-widget_type=\"image.default\">\n\t\t\t\t<div class=\"elementor-widget-container\">\n\t\t\t\t\t\t\t\t\t\t\t\t\t\t\t<img decoding=\"async\" width=\"742\" height=\"738\" src=\"https:\/\/after-agency.com\/wp-content\/uploads\/2024\/07\/foto_2_big.png\" class=\"attachment-large size-large wp-image-2706\" alt=\"\" srcset=\"https:\/\/after-agency.com\/wp-content\/uploads\/2024\/07\/foto_2_big.png 742w, https:\/\/after-agency.com\/wp-content\/uploads\/2024\/07\/foto_2_big-300x298.png 300w, https:\/\/after-agency.com\/wp-content\/uploads\/2024\/07\/foto_2_big-150x150.png 150w\" sizes=\"(max-width: 742px) 100vw, 742px\" \/>\t\t\t\t\t\t\t\t\t\t\t\t\t\t\t<\/div>\n\t\t\t\t<\/div>\n\t\t\t\t<\/div>\n\t\t<div class=\"elementor-element elementor-element-b81bf6a e-con-full e-flex e-con e-child\" data-id=\"b81bf6a\" data-element_type=\"container\">\n\t\t\t\t<div class=\"elementor-element elementor-element-3124dbf elementor-widget elementor-widget-image\" data-id=\"3124dbf\" data-element_type=\"widget\" data-widget_type=\"image.default\">\n\t\t\t\t<div class=\"elementor-widget-container\">\n\t\t\t\t\t\t\t\t\t\t\t\t\t\t\t<img loading=\"lazy\" decoding=\"async\" width=\"742\" height=\"738\" src=\"https:\/\/after-agency.com\/wp-content\/uploads\/2024\/07\/foto_3_big.png\" class=\"attachment-large size-large wp-image-2709\" alt=\"\" srcset=\"https:\/\/after-agency.com\/wp-content\/uploads\/2024\/07\/foto_3_big.png 742w, https:\/\/after-agency.com\/wp-content\/uploads\/2024\/07\/foto_3_big-300x298.png 300w, https:\/\/after-agency.com\/wp-content\/uploads\/2024\/07\/foto_3_big-150x150.png 150w\" sizes=\"(max-width: 742px) 100vw, 742px\" \/>\t\t\t\t\t\t\t\t\t\t\t\t\t\t\t<\/div>\n\t\t\t\t<\/div>\n\t\t\t\t<\/div>\n\t\t\t\t<\/div>\n\t\t\t\t\t<\/div>\n\t\t\t\t<\/div>\n\t\t<div class=\"elementor-element elementor-element-531db4f e-con-full e-flex e-con e-parent\" data-id=\"531db4f\" data-element_type=\"container\" data-settings=\"{&quot;background_background&quot;:&quot;classic&quot;}\">\n\t\t\t\t<div class=\"elementor-element elementor-element-d0a56bc elementor-widget-divider--view-line elementor-widget elementor-widget-divider\" data-id=\"d0a56bc\" data-element_type=\"widget\" data-widget_type=\"divider.default\">\n\t\t\t\t<div class=\"elementor-widget-container\">\n\t\t\t\t\t\t\t<div class=\"elementor-divider\">\n\t\t\t<span class=\"elementor-divider-separator\">\n\t\t\t\t\t\t<\/span>\n\t\t<\/div>\n\t\t\t\t\t\t<\/div>\n\t\t\t\t<\/div>\n\t\t\t\t<\/div>\n\t\t<div class=\"elementor-element elementor-element-062ca41 e-con-full e-flex e-con e-parent\" data-id=\"062ca41\" data-element_type=\"container\" data-settings=\"{&quot;background_background&quot;:&quot;classic&quot;}\">\n\t\t<div class=\"elementor-element elementor-element-ec1bd92 e-con-full e-flex e-con e-child\" data-id=\"ec1bd92\" data-element_type=\"container\">\n\t\t\t\t<div class=\"elementor-element elementor-element-eb6bb82 elementor-widget elementor-widget-heading\" data-id=\"eb6bb82\" data-element_type=\"widget\" data-widget_type=\"heading.default\">\n\t\t\t\t<div class=\"elementor-widget-container\">\n\t\t\t\t\t<h2 class=\"elementor-heading-title elementor-size-default\">Pourquoi<\/h2>\t\t\t\t<\/div>\n\t\t\t\t<\/div>\n\t\t\t\t<div class=\"elementor-element elementor-element-2494cfe elementor-widget elementor-widget-text-editor\" data-id=\"2494cfe\" data-element_type=\"widget\" data-widget_type=\"text-editor.default\">\n\t\t\t\t<div class=\"elementor-widget-container\">\n\t\t\t\t\t\t\t\t\t<p>Pourquoi votre marque doit-elle exister ?<\/p>\n\t\t\t\t\t\t\t\t<\/div>\n\t\t\t\t<\/div>\n\t\t\t\t<\/div>\n\t\t<div class=\"elementor-element elementor-element-df9cfc6 e-con-full e-flex e-con e-child\" data-id=\"df9cfc6\" data-element_type=\"container\">\n\t\t\t\t<div class=\"elementor-element elementor-element-a27e046 elementor-widget elementor-widget-heading\" data-id=\"a27e046\" data-element_type=\"widget\" data-widget_type=\"heading.default\">\n\t\t\t\t<div class=\"elementor-widget-container\">\n\t\t\t\t\t<h2 class=\"elementor-heading-title elementor-size-default\">Ce qu'il faut faire<\/h2>\t\t\t\t<\/div>\n\t\t\t\t<\/div>\n\t\t\t\t<div class=\"elementor-element elementor-element-177323d elementor-widget elementor-widget-text-editor\" data-id=\"177323d\" data-element_type=\"widget\" data-widget_type=\"text-editor.default\">\n\t\t\t\t<div class=\"elementor-widget-container\">\n\t\t\t\t\t\t\t\t\t<p>Que faut-il faire pour multiplier les paroles ?<\/p>\n\t\t\t\t\t\t\t\t<\/div>\n\t\t\t\t<\/div>\n\t\t\t\t<\/div>\n\t\t<div class=\"elementor-element elementor-element-4a896cf e-con-full e-flex e-con e-child\" data-id=\"4a896cf\" data-element_type=\"container\">\n\t\t\t\t<div class=\"elementor-element elementor-element-cb359c2 elementor-widget elementor-widget-heading\" data-id=\"cb359c2\" data-element_type=\"widget\" data-widget_type=\"heading.default\">\n\t\t\t\t<div class=\"elementor-widget-container\">\n\t\t\t\t\t<h2 class=\"elementor-heading-title elementor-size-default\">Comment<\/h2>\t\t\t\t<\/div>\n\t\t\t\t<\/div>\n\t\t\t\t<div class=\"elementor-element elementor-element-75a60c5 elementor-widget elementor-widget-text-editor\" data-id=\"75a60c5\" data-element_type=\"widget\" data-widget_type=\"text-editor.default\">\n\t\t\t\t<div class=\"elementor-widget-container\">\n\t\t\t\t\t\t\t\t\t<p>Comment faire en sorte qu&rsquo;elle soit pertinente, r\u00e9put\u00e9e et r\u00e9sonnante ?<\/p>\n\t\t\t\t\t\t\t\t<\/div>\n\t\t\t\t<\/div>\n\t\t\t\t<\/div>\n\t\t\t\t<\/div>\n\t\t<div class=\"elementor-element elementor-element-79edf92 e-con-full e-flex e-con e-parent\" data-id=\"79edf92\" data-element_type=\"container\" data-settings=\"{&quot;background_background&quot;:&quot;classic&quot;}\">\n\t\t\t\t<div class=\"elementor-element elementor-element-6a317aa elementor-widget-divider--view-line elementor-widget elementor-widget-divider\" data-id=\"6a317aa\" data-element_type=\"widget\" data-widget_type=\"divider.default\">\n\t\t\t\t<div class=\"elementor-widget-container\">\n\t\t\t\t\t\t\t<div class=\"elementor-divider\">\n\t\t\t<span class=\"elementor-divider-separator\">\n\t\t\t\t\t\t<\/span>\n\t\t<\/div>\n\t\t\t\t\t\t<\/div>\n\t\t\t\t<\/div>\n\t\t\t\t<\/div>\n\t\t<div class=\"elementor-element elementor-element-7dda767 e-con-full e-flex e-con e-parent\" data-id=\"7dda767\" data-element_type=\"container\" data-settings=\"{&quot;background_background&quot;:&quot;classic&quot;}\">\n\t\t<div class=\"elementor-element elementor-element-c6a1b12 e-con-full e-flex e-con e-child\" data-id=\"c6a1b12\" data-element_type=\"container\">\n\t\t\t\t<div class=\"elementor-element elementor-element-357b6ae elementor-widget elementor-widget-text-editor\" data-id=\"357b6ae\" data-element_type=\"widget\" data-widget_type=\"text-editor.default\">\n\t\t\t\t<div class=\"elementor-widget-container\">\n\t\t\t\t\t\t\t\t\t<p>PQC a d\u00e9j\u00e0 aid\u00e9 nos <a href=\"https:\/\/after-agency.com\/fr\/clients\/\" target=\"_blank\" rel=\"noopener\">principaux clients<\/a> et peut maintenant aider votre marque. <a href=\"https:\/\/after-agency.com\/fr\/parlons\/\" target=\"_blank\" rel=\"noopener\">Prenez contact avec nous<\/a>.<\/p>\n\t\t\t\t\t\t\t\t<\/div>\n\t\t\t\t<\/div>\n\t\t\t\t<\/div>\n\t\t<div class=\"elementor-element elementor-element-47a565b e-con-full e-flex e-con e-child\" data-id=\"47a565b\" data-element_type=\"container\">\n\t\t\t\t<\/div>\n\t\t\t\t<\/div>\n\t\t\t\t<\/div>\n\t\t","protected":false},"excerpt":{"rendered":"<p>Notre d\u00e9finition de \u00ab Strat\u00e9gie \u00bb passe par les questions que vous vous posez, pas par les r\u00e9ponses que vous donnez. Telle est la m\u00e9thodologie qui anime nos clients : Une m\u00e9thodologie enregistr\u00e9e qui nous guide dans chaque projet depuis plus de 10 ans. Un outil d&rsquo;ordonnancement strat\u00e9gique et de r\u00e9flexion perturbatrice et utile. Un [&hellip;]<\/p>\n","protected":false},"author":1,"featured_media":0,"parent":0,"menu_order":0,"comment_status":"closed","ping_status":"closed","template":"elementor_header_footer","meta":{"footnotes":""},"class_list":["post-2948","page","type-page","status-publish","hentry"],"yoast_head":"<!-- This site is optimized with the Yoast SEO plugin v24.9 - https:\/\/yoast.com\/wordpress\/plugins\/seo\/ -->\n<title>M\u00e9thodologie - after | Agencia Creativa<\/title>\n<meta name=\"robots\" content=\"index, follow, max-snippet:-1, max-image-preview:large, max-video-preview:-1\" \/>\n<link rel=\"canonical\" href=\"https:\/\/after-agency.com\/fr\/methodologie\/\" \/>\n<meta property=\"og:locale\" content=\"fr_FR\" \/>\n<meta property=\"og:type\" content=\"article\" \/>\n<meta property=\"og:title\" content=\"M\u00e9thodologie - after | Agencia Creativa\" \/>\n<meta property=\"og:description\" content=\"Notre d\u00e9finition de \u00ab Strat\u00e9gie \u00bb passe par les questions que vous vous posez, pas par les r\u00e9ponses que vous donnez. Telle est la m\u00e9thodologie qui anime nos clients : Une m\u00e9thodologie enregistr\u00e9e qui nous guide dans chaque projet depuis plus de 10 ans. Un outil d&rsquo;ordonnancement strat\u00e9gique et de r\u00e9flexion perturbatrice et utile. Un [&hellip;]\" \/>\n<meta property=\"og:url\" content=\"https:\/\/after-agency.com\/fr\/methodologie\/\" \/>\n<meta property=\"og:site_name\" content=\"after | Agencia Creativa\" \/>\n<meta property=\"article:modified_time\" content=\"2024-10-01T13:16:29+00:00\" \/>\n<meta property=\"og:image\" content=\"https:\/\/after-agency.com\/wp-content\/uploads\/2024\/10\/PQC_FR.png\" \/>\n\t<meta property=\"og:image:width\" content=\"1108\" \/>\n\t<meta property=\"og:image:height\" content=\"1060\" \/>\n\t<meta property=\"og:image:type\" content=\"image\/png\" \/>\n<meta name=\"twitter:card\" content=\"summary_large_image\" \/>\n<meta name=\"twitter:site\" content=\"@SomosAfter\" \/>\n<meta name=\"twitter:label1\" content=\"Dur\u00e9e de lecture estim\u00e9e\" \/>\n\t<meta name=\"twitter:data1\" content=\"1 minute\" \/>\n<script type=\"application\/ld+json\" class=\"yoast-schema-graph\">{\"@context\":\"https:\/\/schema.org\",\"@graph\":[{\"@type\":\"WebPage\",\"@id\":\"https:\/\/after-agency.com\/fr\/methodologie\/\",\"url\":\"https:\/\/after-agency.com\/fr\/methodologie\/\",\"name\":\"M\u00e9thodologie - after | Agencia Creativa\",\"isPartOf\":{\"@id\":\"https:\/\/after-agency.com\/fr\/#website\"},\"primaryImageOfPage\":{\"@id\":\"https:\/\/after-agency.com\/fr\/methodologie\/#primaryimage\"},\"image\":{\"@id\":\"https:\/\/after-agency.com\/fr\/methodologie\/#primaryimage\"},\"thumbnailUrl\":\"https:\/\/after-agency.com\/wp-content\/uploads\/2024\/10\/PQC_FR-1024x980.png\",\"datePublished\":\"2024-07-10T09:48:24+00:00\",\"dateModified\":\"2024-10-01T13:16:29+00:00\",\"breadcrumb\":{\"@id\":\"https:\/\/after-agency.com\/fr\/methodologie\/#breadcrumb\"},\"inLanguage\":\"fr-FR\",\"potentialAction\":[{\"@type\":\"ReadAction\",\"target\":[\"https:\/\/after-agency.com\/fr\/methodologie\/\"]}]},{\"@type\":\"ImageObject\",\"inLanguage\":\"fr-FR\",\"@id\":\"https:\/\/after-agency.com\/fr\/methodologie\/#primaryimage\",\"url\":\"https:\/\/after-agency.com\/wp-content\/uploads\/2024\/10\/PQC_FR-1024x980.png\",\"contentUrl\":\"https:\/\/after-agency.com\/wp-content\/uploads\/2024\/10\/PQC_FR-1024x980.png\"},{\"@type\":\"BreadcrumbList\",\"@id\":\"https:\/\/after-agency.com\/fr\/methodologie\/#breadcrumb\",\"itemListElement\":[{\"@type\":\"ListItem\",\"position\":1,\"name\":\"Portada\",\"item\":\"https:\/\/after-agency.com\/fr\/\"},{\"@type\":\"ListItem\",\"position\":2,\"name\":\"M\u00e9thodologie\"}]},{\"@type\":\"WebSite\",\"@id\":\"https:\/\/after-agency.com\/fr\/#website\",\"url\":\"https:\/\/after-agency.com\/fr\/\",\"name\":\"after | Agencia Creativa\",\"description\":\"\",\"publisher\":{\"@id\":\"https:\/\/after-agency.com\/fr\/#organization\"},\"potentialAction\":[{\"@type\":\"SearchAction\",\"target\":{\"@type\":\"EntryPoint\",\"urlTemplate\":\"https:\/\/after-agency.com\/fr\/?s={search_term_string}\"},\"query-input\":{\"@type\":\"PropertyValueSpecification\",\"valueRequired\":true,\"valueName\":\"search_term_string\"}}],\"inLanguage\":\"fr-FR\"},{\"@type\":\"Organization\",\"@id\":\"https:\/\/after-agency.com\/fr\/#organization\",\"name\":\"after | Agencia Creativa\",\"url\":\"https:\/\/after-agency.com\/fr\/\",\"logo\":{\"@type\":\"ImageObject\",\"inLanguage\":\"fr-FR\",\"@id\":\"https:\/\/after-agency.com\/fr\/#\/schema\/logo\/image\/\",\"url\":\"https:\/\/after-agency.com\/wp-content\/uploads\/2024\/12\/aftersharetv_logo-2.jpeg\",\"contentUrl\":\"https:\/\/after-agency.com\/wp-content\/uploads\/2024\/12\/aftersharetv_logo-2.jpeg\",\"width\":200,\"height\":200,\"caption\":\"after | Agencia Creativa\"},\"image\":{\"@id\":\"https:\/\/after-agency.com\/fr\/#\/schema\/logo\/image\/\"},\"sameAs\":[\"https:\/\/x.com\/SomosAfter\",\"https:\/\/www.instagram.com\/somosafter\",\"https:\/\/www.linkedin.com\/company\/somosafter\"]}]}<\/script>\n<!-- \/ Yoast SEO plugin. -->","yoast_head_json":{"title":"M\u00e9thodologie - after | Agencia Creativa","robots":{"index":"index","follow":"follow","max-snippet":"max-snippet:-1","max-image-preview":"max-image-preview:large","max-video-preview":"max-video-preview:-1"},"canonical":"https:\/\/after-agency.com\/fr\/methodologie\/","og_locale":"fr_FR","og_type":"article","og_title":"M\u00e9thodologie - after | Agencia Creativa","og_description":"Notre d\u00e9finition de \u00ab Strat\u00e9gie \u00bb passe par les questions que vous vous posez, pas par les r\u00e9ponses que vous donnez. Telle est la m\u00e9thodologie qui anime nos clients : Une m\u00e9thodologie enregistr\u00e9e qui nous guide dans chaque projet depuis plus de 10 ans. Un outil d&rsquo;ordonnancement strat\u00e9gique et de r\u00e9flexion perturbatrice et utile. Un [&hellip;]","og_url":"https:\/\/after-agency.com\/fr\/methodologie\/","og_site_name":"after | Agencia Creativa","article_modified_time":"2024-10-01T13:16:29+00:00","og_image":[{"width":1108,"height":1060,"url":"https:\/\/after-agency.com\/wp-content\/uploads\/2024\/10\/PQC_FR.png","type":"image\/png"}],"twitter_card":"summary_large_image","twitter_site":"@SomosAfter","twitter_misc":{"Dur\u00e9e de lecture estim\u00e9e":"1 minute"},"schema":{"@context":"https:\/\/schema.org","@graph":[{"@type":"WebPage","@id":"https:\/\/after-agency.com\/fr\/methodologie\/","url":"https:\/\/after-agency.com\/fr\/methodologie\/","name":"M\u00e9thodologie - after | Agencia Creativa","isPartOf":{"@id":"https:\/\/after-agency.com\/fr\/#website"},"primaryImageOfPage":{"@id":"https:\/\/after-agency.com\/fr\/methodologie\/#primaryimage"},"image":{"@id":"https:\/\/after-agency.com\/fr\/methodologie\/#primaryimage"},"thumbnailUrl":"https:\/\/after-agency.com\/wp-content\/uploads\/2024\/10\/PQC_FR-1024x980.png","datePublished":"2024-07-10T09:48:24+00:00","dateModified":"2024-10-01T13:16:29+00:00","breadcrumb":{"@id":"https:\/\/after-agency.com\/fr\/methodologie\/#breadcrumb"},"inLanguage":"fr-FR","potentialAction":[{"@type":"ReadAction","target":["https:\/\/after-agency.com\/fr\/methodologie\/"]}]},{"@type":"ImageObject","inLanguage":"fr-FR","@id":"https:\/\/after-agency.com\/fr\/methodologie\/#primaryimage","url":"https:\/\/after-agency.com\/wp-content\/uploads\/2024\/10\/PQC_FR-1024x980.png","contentUrl":"https:\/\/after-agency.com\/wp-content\/uploads\/2024\/10\/PQC_FR-1024x980.png"},{"@type":"BreadcrumbList","@id":"https:\/\/after-agency.com\/fr\/methodologie\/#breadcrumb","itemListElement":[{"@type":"ListItem","position":1,"name":"Portada","item":"https:\/\/after-agency.com\/fr\/"},{"@type":"ListItem","position":2,"name":"M\u00e9thodologie"}]},{"@type":"WebSite","@id":"https:\/\/after-agency.com\/fr\/#website","url":"https:\/\/after-agency.com\/fr\/","name":"after | Agencia Creativa","description":"","publisher":{"@id":"https:\/\/after-agency.com\/fr\/#organization"},"potentialAction":[{"@type":"SearchAction","target":{"@type":"EntryPoint","urlTemplate":"https:\/\/after-agency.com\/fr\/?s={search_term_string}"},"query-input":{"@type":"PropertyValueSpecification","valueRequired":true,"valueName":"search_term_string"}}],"inLanguage":"fr-FR"},{"@type":"Organization","@id":"https:\/\/after-agency.com\/fr\/#organization","name":"after | Agencia Creativa","url":"https:\/\/after-agency.com\/fr\/","logo":{"@type":"ImageObject","inLanguage":"fr-FR","@id":"https:\/\/after-agency.com\/fr\/#\/schema\/logo\/image\/","url":"https:\/\/after-agency.com\/wp-content\/uploads\/2024\/12\/aftersharetv_logo-2.jpeg","contentUrl":"https:\/\/after-agency.com\/wp-content\/uploads\/2024\/12\/aftersharetv_logo-2.jpeg","width":200,"height":200,"caption":"after | Agencia Creativa"},"image":{"@id":"https:\/\/after-agency.com\/fr\/#\/schema\/logo\/image\/"},"sameAs":["https:\/\/x.com\/SomosAfter","https:\/\/www.instagram.com\/somosafter","https:\/\/www.linkedin.com\/company\/somosafter"]}]}},"_links":{"self":[{"href":"https:\/\/after-agency.com\/fr\/wp-json\/wp\/v2\/pages\/2948","targetHints":{"allow":["GET"]}}],"collection":[{"href":"https:\/\/after-agency.com\/fr\/wp-json\/wp\/v2\/pages"}],"about":[{"href":"https:\/\/after-agency.com\/fr\/wp-json\/wp\/v2\/types\/page"}],"author":[{"embeddable":true,"href":"https:\/\/after-agency.com\/fr\/wp-json\/wp\/v2\/users\/1"}],"replies":[{"embeddable":true,"href":"https:\/\/after-agency.com\/fr\/wp-json\/wp\/v2\/comments?post=2948"}],"version-history":[{"count":0,"href":"https:\/\/after-agency.com\/fr\/wp-json\/wp\/v2\/pages\/2948\/revisions"}],"wp:attachment":[{"href":"https:\/\/after-agency.com\/fr\/wp-json\/wp\/v2\/media?parent=2948"}],"curies":[{"name":"wp","href":"https:\/\/api.w.org\/{rel}","templated":true}]}}