{"id":3107,"date":"2024-08-05T16:46:04","date_gmt":"2024-08-05T14:46:04","guid":{"rendered":"https:\/\/after-agency.com\/cookies\/"},"modified":"2025-07-05T12:50:46","modified_gmt":"2025-07-05T10:50:46","slug":"cookies","status":"publish","type":"page","link":"https:\/\/after-agency.com\/ca\/cookies\/","title":{"rendered":"Cookies"},"content":{"rendered":"\t\t<div data-elementor-type=\"wp-page\" data-elementor-id=\"3107\" class=\"elementor elementor-3107 elementor-2091\" data-elementor-post-type=\"page\">\n\t\t\t\t<div class=\"elementor-element elementor-element-dc3f8a4 e-con-full e-flex e-con e-parent\" data-id=\"dc3f8a4\" data-element_type=\"container\">\n\t\t<div class=\"elementor-element elementor-element-6aefa85 e-con-full e-flex e-con e-child\" data-id=\"6aefa85\" data-element_type=\"container\">\n\t\t\t\t<div class=\"elementor-element elementor-element-1659483 elementor-widget elementor-widget-heading\" data-id=\"1659483\" data-element_type=\"widget\" data-widget_type=\"heading.default\">\n\t\t\t\t<div class=\"elementor-widget-container\">\n\t\t\t\t\t<h1 class=\"elementor-heading-title elementor-size-default\">Pol\u00edtica de Cookies<\/h1>\t\t\t\t<\/div>\n\t\t\t\t<\/div>\n\t\t\t\t<\/div>\n\t\t<div class=\"elementor-element elementor-element-abb4303 e-con-full e-flex e-con e-child\" data-id=\"abb4303\" data-element_type=\"container\">\n\t\t\t\t<\/div>\n\t\t\t\t<\/div>\n\t\t<div class=\"elementor-element elementor-element-23363d0 e-con-full e-flex e-con e-parent\" data-id=\"23363d0\" data-element_type=\"container\" data-settings=\"{&quot;background_background&quot;:&quot;classic&quot;}\">\n\t\t\t\t<div class=\"elementor-element elementor-element-8e45854 elementor-widget-divider--view-line elementor-widget elementor-widget-divider\" data-id=\"8e45854\" data-element_type=\"widget\" data-widget_type=\"divider.default\">\n\t\t\t\t<div class=\"elementor-widget-container\">\n\t\t\t\t\t\t\t<div class=\"elementor-divider\">\n\t\t\t<span class=\"elementor-divider-separator\">\n\t\t\t\t\t\t<\/span>\n\t\t<\/div>\n\t\t\t\t\t\t<\/div>\n\t\t\t\t<\/div>\n\t\t\t\t<\/div>\n\t\t<div class=\"elementor-element elementor-element-d851d62 e-con-full e-flex e-con e-parent\" data-id=\"d851d62\" data-element_type=\"container\">\n\t\t\t\t<div class=\"elementor-element elementor-element-e30e3e6 elementor-widget elementor-widget-text-editor\" data-id=\"e30e3e6\" data-element_type=\"widget\" data-widget_type=\"text-editor.default\">\n\t\t\t\t<div class=\"elementor-widget-container\">\n\t\t\t\t\t\t\t\t\t<p>Cookie \u00e9s un fitxer que es descarrega al vostre ordinador en accedir a determinades p\u00e0gines web. Les galetes permeten a una p\u00e0gina web, entre altres coses, emmagatzemar i recuperar informaci\u00f3 sobre els h\u00e0bits de navegaci\u00f3 d&#8217;un usuari o del seu equip i, depenent de la informaci\u00f3 que continguin i de la manera com utilitzi el seu equip, es poden utilitzar per recon\u00e8ixer a l&#8217;usuari. El navegador de l&#8217;usuari memoritza cookies al disc dur nom\u00e9s durant la sessi\u00f3 actual ocupant un espai de mem\u00f2ria m\u00ednim i no perjudicant l&#8217;ordinador. Les galetes no contenen cap tipus d&#8217;informaci\u00f3 personal espec\u00edfica, i la majoria s&#8217;esborren del disc dur en finalitzar la sessi\u00f3 de navegador (les anomenades galetes de sessi\u00f3).   <\/p>\n<p>La majoria dels navegadors accepten com a est\u00e0ndard les galetes i, amb independ\u00e8ncia de les mateixes, permeten o impedeixen en els ajustaments de seguretat les galetes temporals o memoritzades.<\/p>\n<p><strong>Tipus de cookies que utilitza aquesta p\u00e0gina web i finalitat de les mateixes:<\/strong><\/p>\n<p><strong>Galetes t\u00e8cniques:<\/strong>  S\u00f3n aquelles que permeten a l&#8217;usuari la navegaci\u00f3 a trav\u00e9s d&#8217;una p\u00e0gina web, plataforma o aplicaci\u00f3 i la utilitzaci\u00f3 de les diferents opcions o serveis que hi hagi com, per exemple, controlar el tr\u00e0nsit i la comunicaci\u00f3 de dades, identificar la sessi\u00f3, accedir a parts d&#8217;acc\u00e9s restringit, recordar els elements que integren una comanda, fer el proc\u00e9s de compra d&#8217;una comanda, fer la sol\u00b7licitud d&#8217;inscripci\u00f3 o participaci\u00f3 en un esdeveniment, utilitzar elements de seguretat durant la navegaci\u00f3, emmagatzemar continguts per a la difusi\u00f3 de v\u00eddeos o so o compartir continguts a trav\u00e9s de xarxes socials.<\/p>\n<p><strong>Galetes de personalitzaci\u00f3:<\/strong> S\u00f3n aquelles que permeten a l&#8217;usuari accedir al servei amb algunes caracter\u00edstiques de car\u00e0cter general predefinides en funci\u00f3 d&#8217;una s\u00e8rie de criteris al terminal de l&#8217;usuari com ara serien l&#8217;idioma, el tipus de navegador a trav\u00e9s del qual accedeix al servei , la configuraci\u00f3 regional des d&#8217;on accedeix al servei, etc.<\/p>\n<p><strong>Cookies d&#8217;an\u00e0lisi:<\/strong> S\u00f3n aquelles que ben tractades per nosaltres o per tercers, ens permeten quantificar el nombre d&#8217;usuaris i aix\u00ed realitzar el mesurament i l&#8217;an\u00e0lisi estad\u00edstica de la utilitzaci\u00f3 que fan els usuaris del servei ofert. Per aix\u00f2 s&#8217;analitza la vostra navegaci\u00f3 a la nostra p\u00e0gina web per tal de millorar l&#8217;oferta de productes o serveis que us oferim. <\/p>\n<p><strong>Cookies de tercers:<\/strong> El Web d&#8217;After Worldwide SL (d&#8217;ara endavant After) pot utilitzar serveis de tercers que, per compte d&#8217;After, recopilaran informaci\u00f3 amb finalitats estad\u00edstiques, d&#8217;\u00fas del Site per part de l&#8217;usuari i per a la prestaci\u00f3 d&#8217;altres serveis relacionats amb lactivitat del Website i altres serveis dInternet.<\/p>\n<p>En particular, aquest lloc web utilitza Google Analytics, un servei anal\u00edtic de web prestat per Google, Inc. amb domicili als Estats Units amb seu central el 1600 Amphitheatre Parkway, Mountain View, Calif\u00f2rnia 94043. Per a la prestaci\u00f3 d&#8217;aquests serveis, aquests utilitzen galetes que recopilen la informaci\u00f3, inclosa l&#8217;adre\u00e7a IP de l&#8217;usuari, que ser\u00e0 transmesa, tractada i emmagatzemada per Google en els termes fixats al web Google.com. Incloent la possible transmissi\u00f3 de la informaci\u00f3 a tercers per raons d&#8217;exig\u00e8ncia legal o quan aquests tercers processin la informaci\u00f3 per compte de Google.   <\/p>\n<p>L&#8217;Usuari accepta expressament, per la utilitzaci\u00f3 d&#8217;aquest Site, el tractament de la informaci\u00f3 recollida en la forma i amb les finalitats anteriorment esmentades. I tamb\u00e9 reconeix con\u00e8ixer la possibilitat de rebutjar el tractament d&#8217;aquestes dades o informaci\u00f3 rebutjant l&#8217;\u00fas de Cookies mitjan\u00e7ant la selecci\u00f3 de la configuraci\u00f3 apropiada amb aquesta finalitat al vostre navegador. Si b\u00e9 aquesta opci\u00f3 de bloqueig de Cookies al vostre navegador pot no permetre l&#8217;\u00fas ple de totes les funcionalitats del Website.  <\/p>\n<p>Podeu permetre, bloquejar o eliminar les cookies instal\u00b7lades al vostre equip mitjan\u00e7ant la configuraci\u00f3 de les opcions del navegador instal\u00b7lat al vostre ordinador oa trav\u00e9s del Tauler de configuraci\u00f3 o prefer\u00e8ncies.<\/p>\n<p>Si teniu dubtes sobre aquesta pol\u00edtica de cookies, podeu contactar amb After a <a rel=\"noreferrer\">Info@after-agency.com<\/a><\/p>\n<p><strong>NOTA:<\/strong> Peri\u00f2dicament aquesta pol\u00edtica de cookies \u00e9s revisada i actualitzada.<\/p>\t\t\t\t\t\t\t\t<\/div>\n\t\t\t\t<\/div>\n\t\t\t\t<\/div>\n\t\t\t\t<\/div>\n\t\t","protected":false},"excerpt":{"rendered":"<p>Pol\u00edtica de Cookies Cookie \u00e9s un fitxer que es descarrega al vostre ordinador en accedir a determinades p\u00e0gines web. Les galetes permeten a una p\u00e0gina web, entre altres coses, emmagatzemar i recuperar informaci\u00f3 sobre els h\u00e0bits de navegaci\u00f3 d&#8217;un usuari o del seu equip i, depenent de la informaci\u00f3 que continguin i de la manera [&hellip;]<\/p>\n","protected":false},"author":1,"featured_media":0,"parent":0,"menu_order":0,"comment_status":"closed","ping_status":"closed","template":"elementor_header_footer","meta":{"footnotes":""},"class_list":["post-3107","page","type-page","status-publish","hentry"],"yoast_head":"<!-- This site is optimized with the Yoast SEO plugin v24.9 - https:\/\/yoast.com\/wordpress\/plugins\/seo\/ -->\n<title>Cookies - after | Agencia Creativa<\/title>\n<meta name=\"robots\" content=\"index, follow, max-snippet:-1, max-image-preview:large, max-video-preview:-1\" \/>\n<link rel=\"canonical\" href=\"https:\/\/after-agency.com\/ca\/cookies\/\" \/>\n<meta property=\"og:locale\" content=\"ca_ES\" \/>\n<meta property=\"og:type\" content=\"article\" \/>\n<meta property=\"og:title\" content=\"Cookies - after | Agencia Creativa\" \/>\n<meta property=\"og:description\" content=\"Pol\u00edtica de Cookies Cookie \u00e9s un fitxer que es descarrega al vostre ordinador en accedir a determinades p\u00e0gines web. Les galetes permeten a una p\u00e0gina web, entre altres coses, emmagatzemar i recuperar informaci\u00f3 sobre els h\u00e0bits de navegaci\u00f3 d&#8217;un usuari o del seu equip i, depenent de la informaci\u00f3 que continguin i de la manera [&hellip;]\" \/>\n<meta property=\"og:url\" content=\"https:\/\/after-agency.com\/ca\/cookies\/\" \/>\n<meta property=\"og:site_name\" content=\"after | Agencia Creativa\" \/>\n<meta property=\"article:modified_time\" content=\"2025-07-05T10:50:46+00:00\" \/>\n<meta name=\"twitter:card\" content=\"summary_large_image\" \/>\n<meta name=\"twitter:site\" content=\"@SomosAfter\" \/>\n<meta name=\"twitter:label1\" content=\"Temps estimat de lectura\" \/>\n\t<meta name=\"twitter:data1\" content=\"3 minuts\" \/>\n<script type=\"application\/ld+json\" class=\"yoast-schema-graph\">{\"@context\":\"https:\/\/schema.org\",\"@graph\":[{\"@type\":\"WebPage\",\"@id\":\"https:\/\/after-agency.com\/ca\/cookies\/\",\"url\":\"https:\/\/after-agency.com\/ca\/cookies\/\",\"name\":\"Cookies - after | Agencia Creativa\",\"isPartOf\":{\"@id\":\"https:\/\/after-agency.com\/ca\/#website\"},\"datePublished\":\"2024-08-05T14:46:04+00:00\",\"dateModified\":\"2025-07-05T10:50:46+00:00\",\"breadcrumb\":{\"@id\":\"https:\/\/after-agency.com\/ca\/cookies\/#breadcrumb\"},\"inLanguage\":\"ca\",\"potentialAction\":[{\"@type\":\"ReadAction\",\"target\":[\"https:\/\/after-agency.com\/ca\/cookies\/\"]}]},{\"@type\":\"BreadcrumbList\",\"@id\":\"https:\/\/after-agency.com\/ca\/cookies\/#breadcrumb\",\"itemListElement\":[{\"@type\":\"ListItem\",\"position\":1,\"name\":\"Portada\",\"item\":\"https:\/\/after-agency.com\/ca\/\"},{\"@type\":\"ListItem\",\"position\":2,\"name\":\"Cookies\"}]},{\"@type\":\"WebSite\",\"@id\":\"https:\/\/after-agency.com\/ca\/#website\",\"url\":\"https:\/\/after-agency.com\/ca\/\",\"name\":\"after | Agencia Creativa\",\"description\":\"\",\"publisher\":{\"@id\":\"https:\/\/after-agency.com\/ca\/#organization\"},\"potentialAction\":[{\"@type\":\"SearchAction\",\"target\":{\"@type\":\"EntryPoint\",\"urlTemplate\":\"https:\/\/after-agency.com\/ca\/?s={search_term_string}\"},\"query-input\":{\"@type\":\"PropertyValueSpecification\",\"valueRequired\":true,\"valueName\":\"search_term_string\"}}],\"inLanguage\":\"ca\"},{\"@type\":\"Organization\",\"@id\":\"https:\/\/after-agency.com\/ca\/#organization\",\"name\":\"after | Agencia Creativa\",\"url\":\"https:\/\/after-agency.com\/ca\/\",\"logo\":{\"@type\":\"ImageObject\",\"inLanguage\":\"ca\",\"@id\":\"https:\/\/after-agency.com\/ca\/#\/schema\/logo\/image\/\",\"url\":\"https:\/\/after-agency.com\/wp-content\/uploads\/2024\/12\/aftersharetv_logo-2.jpeg\",\"contentUrl\":\"https:\/\/after-agency.com\/wp-content\/uploads\/2024\/12\/aftersharetv_logo-2.jpeg\",\"width\":200,\"height\":200,\"caption\":\"after | Agencia Creativa\"},\"image\":{\"@id\":\"https:\/\/after-agency.com\/ca\/#\/schema\/logo\/image\/\"},\"sameAs\":[\"https:\/\/x.com\/SomosAfter\",\"https:\/\/www.instagram.com\/somosafter\",\"https:\/\/www.linkedin.com\/company\/somosafter\"]}]}<\/script>\n<!-- \/ Yoast SEO plugin. -->","yoast_head_json":{"title":"Cookies - after | Agencia Creativa","robots":{"index":"index","follow":"follow","max-snippet":"max-snippet:-1","max-image-preview":"max-image-preview:large","max-video-preview":"max-video-preview:-1"},"canonical":"https:\/\/after-agency.com\/ca\/cookies\/","og_locale":"ca_ES","og_type":"article","og_title":"Cookies - after | Agencia Creativa","og_description":"Pol\u00edtica de Cookies Cookie \u00e9s un fitxer que es descarrega al vostre ordinador en accedir a determinades p\u00e0gines web. Les galetes permeten a una p\u00e0gina web, entre altres coses, emmagatzemar i recuperar informaci\u00f3 sobre els h\u00e0bits de navegaci\u00f3 d&#8217;un usuari o del seu equip i, depenent de la informaci\u00f3 que continguin i de la manera [&hellip;]","og_url":"https:\/\/after-agency.com\/ca\/cookies\/","og_site_name":"after | Agencia Creativa","article_modified_time":"2025-07-05T10:50:46+00:00","twitter_card":"summary_large_image","twitter_site":"@SomosAfter","twitter_misc":{"Temps estimat de lectura":"3 minuts"},"schema":{"@context":"https:\/\/schema.org","@graph":[{"@type":"WebPage","@id":"https:\/\/after-agency.com\/ca\/cookies\/","url":"https:\/\/after-agency.com\/ca\/cookies\/","name":"Cookies - after | Agencia Creativa","isPartOf":{"@id":"https:\/\/after-agency.com\/ca\/#website"},"datePublished":"2024-08-05T14:46:04+00:00","dateModified":"2025-07-05T10:50:46+00:00","breadcrumb":{"@id":"https:\/\/after-agency.com\/ca\/cookies\/#breadcrumb"},"inLanguage":"ca","potentialAction":[{"@type":"ReadAction","target":["https:\/\/after-agency.com\/ca\/cookies\/"]}]},{"@type":"BreadcrumbList","@id":"https:\/\/after-agency.com\/ca\/cookies\/#breadcrumb","itemListElement":[{"@type":"ListItem","position":1,"name":"Portada","item":"https:\/\/after-agency.com\/ca\/"},{"@type":"ListItem","position":2,"name":"Cookies"}]},{"@type":"WebSite","@id":"https:\/\/after-agency.com\/ca\/#website","url":"https:\/\/after-agency.com\/ca\/","name":"after | Agencia Creativa","description":"","publisher":{"@id":"https:\/\/after-agency.com\/ca\/#organization"},"potentialAction":[{"@type":"SearchAction","target":{"@type":"EntryPoint","urlTemplate":"https:\/\/after-agency.com\/ca\/?s={search_term_string}"},"query-input":{"@type":"PropertyValueSpecification","valueRequired":true,"valueName":"search_term_string"}}],"inLanguage":"ca"},{"@type":"Organization","@id":"https:\/\/after-agency.com\/ca\/#organization","name":"after | Agencia Creativa","url":"https:\/\/after-agency.com\/ca\/","logo":{"@type":"ImageObject","inLanguage":"ca","@id":"https:\/\/after-agency.com\/ca\/#\/schema\/logo\/image\/","url":"https:\/\/after-agency.com\/wp-content\/uploads\/2024\/12\/aftersharetv_logo-2.jpeg","contentUrl":"https:\/\/after-agency.com\/wp-content\/uploads\/2024\/12\/aftersharetv_logo-2.jpeg","width":200,"height":200,"caption":"after | Agencia Creativa"},"image":{"@id":"https:\/\/after-agency.com\/ca\/#\/schema\/logo\/image\/"},"sameAs":["https:\/\/x.com\/SomosAfter","https:\/\/www.instagram.com\/somosafter","https:\/\/www.linkedin.com\/company\/somosafter"]}]}},"_links":{"self":[{"href":"https:\/\/after-agency.com\/ca\/wp-json\/wp\/v2\/pages\/3107","targetHints":{"allow":["GET"]}}],"collection":[{"href":"https:\/\/after-agency.com\/ca\/wp-json\/wp\/v2\/pages"}],"about":[{"href":"https:\/\/after-agency.com\/ca\/wp-json\/wp\/v2\/types\/page"}],"author":[{"embeddable":true,"href":"https:\/\/after-agency.com\/ca\/wp-json\/wp\/v2\/users\/1"}],"replies":[{"embeddable":true,"href":"https:\/\/after-agency.com\/ca\/wp-json\/wp\/v2\/comments?post=3107"}],"version-history":[{"count":2,"href":"https:\/\/after-agency.com\/ca\/wp-json\/wp\/v2\/pages\/3107\/revisions"}],"predecessor-version":[{"id":9423,"href":"https:\/\/after-agency.com\/ca\/wp-json\/wp\/v2\/pages\/3107\/revisions\/9423"}],"wp:attachment":[{"href":"https:\/\/after-agency.com\/ca\/wp-json\/wp\/v2\/media?parent=3107"}],"curies":[{"name":"wp","href":"https:\/\/api.w.org\/{rel}","templated":true}]}}