{"id":2972,"date":"2024-07-10T11:43:21","date_gmt":"2024-07-10T09:43:21","guid":{"rendered":"https:\/\/after-agency.com\/parlem-ne\/"},"modified":"2025-10-29T11:37:35","modified_gmt":"2025-10-29T10:37:35","slug":"parlem-ne","status":"publish","type":"page","link":"https:\/\/after-agency.com\/ca\/parlem-ne\/","title":{"rendered":"PARLEM-NE"},"content":{"rendered":"\t\t<div data-elementor-type=\"wp-page\" data-elementor-id=\"2972\" class=\"elementor elementor-2972 elementor-256\" data-elementor-post-type=\"page\">\n\t\t\t\t<div class=\"elementor-element elementor-element-c680839 e-con-full e-flex e-con e-parent\" data-id=\"c680839\" data-element_type=\"container\" data-settings=\"{&quot;background_background&quot;:&quot;classic&quot;}\">\n\t\t<div class=\"elementor-element elementor-element-3c6e6c1 e-con-full e-flex e-con e-child\" data-id=\"3c6e6c1\" data-element_type=\"container\">\n\t\t\t\t<div class=\"elementor-element elementor-element-1db89c5 elementor-widget elementor-widget-text-editor\" data-id=\"1db89c5\" data-element_type=\"widget\" data-widget_type=\"text-editor.default\">\n\t\t\t\t<div class=\"elementor-widget-container\">\n\t\t\t\t\t\t\t\t\t<p>Ja hem parlat massa de nosaltres. El 90% de la comunicaci\u00f3 \u00e9s escoltar, aix\u00ed que digues-nos si et planteges convertir-te en un dels nostres <a href=\"mailto:comunicacion@after-agency.com\" target=\"_blank\" rel=\"noopener\">clients<\/a> , <a href=\"mailto:%20info@after-agency.com\" target=\"_blank\" rel=\"noopener\">treballar a After<\/a> o simplement <a href=\"#seccion-debajo\">venir a con\u00e8ixer-nos.<\/a> <\/p>\t\t\t\t\t\t\t\t<\/div>\n\t\t\t\t<\/div>\n\t\t\t\t<\/div>\n\t\t<div class=\"elementor-element elementor-element-da33500 e-con-full e-flex e-con e-child\" data-id=\"da33500\" data-element_type=\"container\">\n\t\t\t\t<\/div>\n\t\t\t\t<\/div>\n\t\t<div class=\"elementor-element elementor-element-4aac3ce e-con-full e-flex e-con e-parent\" data-id=\"4aac3ce\" data-element_type=\"container\" data-settings=\"{&quot;background_background&quot;:&quot;classic&quot;}\">\n\t\t\t\t<div class=\"elementor-element elementor-element-1ba5d60 elementor-widget-divider--view-line elementor-widget elementor-widget-divider\" data-id=\"1ba5d60\" data-element_type=\"widget\" data-widget_type=\"divider.default\">\n\t\t\t\t<div class=\"elementor-widget-container\">\n\t\t\t\t\t\t\t<div class=\"elementor-divider\">\n\t\t\t<span class=\"elementor-divider-separator\">\n\t\t\t\t\t\t<\/span>\n\t\t<\/div>\n\t\t\t\t\t\t<\/div>\n\t\t\t\t<\/div>\n\t\t\t\t<\/div>\n\t\t<div class=\"elementor-element elementor-element-3db87ed e-con-full e-flex e-con e-parent\" data-id=\"3db87ed\" data-element_type=\"container\" data-settings=\"{&quot;background_background&quot;:&quot;classic&quot;}\">\n\t\t<div class=\"elementor-element elementor-element-d07189e e-con-full e-flex e-con e-child\" data-id=\"d07189e\" data-element_type=\"container\">\n\t\t\t\t<div class=\"elementor-element elementor-element-4e1f6c0 elementor-widget elementor-widget-heading\" data-id=\"4e1f6c0\" data-element_type=\"widget\" data-widget_type=\"heading.default\">\n\t\t\t\t<div class=\"elementor-widget-container\">\n\t\t\t\t\t<h2 class=\"elementor-heading-title elementor-size-default\">Vull que la meva marca creixi amb After.<\/h2>\t\t\t\t<\/div>\n\t\t\t\t<\/div>\n\t\t\t\t<div class=\"elementor-element elementor-element-daf85c7 elementor-widget elementor-widget-text-editor\" data-id=\"daf85c7\" data-element_type=\"widget\" data-widget_type=\"text-editor.default\">\n\t\t\t\t<div class=\"elementor-widget-container\">\n\t\t\t\t\t\t\t\t\t<a id=\"contactLink\" style=\"color: white; text-decoration: none; pointer-events: none; opacity: 0.25;\" href=\"mailto:comunicacion@after-agency.com\">Escriu-nos a comunicacion@after-agency.com<\/a>\t\t\t\t\t\t\t\t<\/div>\n\t\t\t\t<\/div>\n\t\t\t\t<div class=\"elementor-element elementor-element-3be937a elementor-widget elementor-widget-html\" data-id=\"3be937a\" data-element_type=\"widget\" data-widget_type=\"html.default\">\n\t\t\t\t<div class=\"elementor-widget-container\">\n\t\t\t\t\t<span style=\"font-size:12px;color:#fff;display: block; margin-top: 10px;\">\n  <input type=\"checkbox\" id=\"privacyCheck\">\n Accepto la <a href=\"https:\/\/after-agency.com\/ca\/politica-de-privadesa\/\" target=\"_blank\">pol\u00edtica de privacitat<\/a> per activar l'enlla\u00e7.\n<\/span>\n\n<script>\n  document.addEventListener('DOMContentLoaded', function () {\n    const checkbox = document.getElementById('privacyCheck');\n    const link = document.getElementById('contactLink');\n\n    checkbox.addEventListener('change', function () {\n      if (this.checked) {\n        link.style.pointerEvents = 'auto';\n        link.style.opacity = '1';\n      } else {\n        link.style.pointerEvents = 'none';\n        link.style.opacity = '0.25';\n      }\n    });\n  });\n<\/script>\t\t\t\t<\/div>\n\t\t\t\t<\/div>\n\t\t\t\t<\/div>\n\t\t<div class=\"elementor-element elementor-element-137d669 e-con-full e-flex e-con e-child\" data-id=\"137d669\" data-element_type=\"container\">\n\t\t\t\t<\/div>\n\t\t\t\t<\/div>\n\t\t<div class=\"elementor-element elementor-element-012470a e-con-full e-flex e-con e-parent\" data-id=\"012470a\" data-element_type=\"container\" data-settings=\"{&quot;background_background&quot;:&quot;classic&quot;}\">\n\t\t\t\t<div class=\"elementor-element elementor-element-7105f0e elementor-widget-divider--view-line elementor-widget elementor-widget-divider\" data-id=\"7105f0e\" data-element_type=\"widget\" data-widget_type=\"divider.default\">\n\t\t\t\t<div class=\"elementor-widget-container\">\n\t\t\t\t\t\t\t<div class=\"elementor-divider\">\n\t\t\t<span class=\"elementor-divider-separator\">\n\t\t\t\t\t\t<\/span>\n\t\t<\/div>\n\t\t\t\t\t\t<\/div>\n\t\t\t\t<\/div>\n\t\t\t\t<\/div>\n\t\t<div class=\"elementor-element elementor-element-03ac755 e-con-full e-flex e-con e-parent\" data-id=\"03ac755\" data-element_type=\"container\" data-settings=\"{&quot;background_background&quot;:&quot;classic&quot;}\">\n\t\t<div class=\"elementor-element elementor-element-4ffa1f2 e-con-full e-flex e-con e-child\" data-id=\"4ffa1f2\" data-element_type=\"container\">\n\t\t\t\t<div class=\"elementor-element elementor-element-6d2a884 elementor-widget elementor-widget-heading\" data-id=\"6d2a884\" data-element_type=\"widget\" data-widget_type=\"heading.default\">\n\t\t\t\t<div class=\"elementor-widget-container\">\n\t\t\t\t\t<h2 class=\"elementor-heading-title elementor-size-default\">Vull que la meva carrera passi per After.<\/h2>\t\t\t\t<\/div>\n\t\t\t\t<\/div>\n\t\t\t\t<div class=\"elementor-element elementor-element-f160e72 elementor-widget elementor-widget-text-editor\" data-id=\"f160e72\" data-element_type=\"widget\" data-widget_type=\"text-editor.default\">\n\t\t\t\t<div class=\"elementor-widget-container\">\n\t\t\t\t\t\t\t\t\t<a id=\"contactLink2\" style=\"color: white; text-decoration: none; pointer-events: none; opacity: 0.25;\" href=\"mailto:info@after-agency.com\">Escriu-nos a info@after-agency.com<\/a>\t\t\t\t\t\t\t\t<\/div>\n\t\t\t\t<\/div>\n\t\t\t\t<div class=\"elementor-element elementor-element-8241177 elementor-widget elementor-widget-html\" data-id=\"8241177\" data-element_type=\"widget\" data-widget_type=\"html.default\">\n\t\t\t\t<div class=\"elementor-widget-container\">\n\t\t\t\t\t<span style=\"font-size:12px;color:#fff;display: block; margin-top: 10px;\">\n  <input type=\"checkbox\" id=\"privacyCheck2\">\n Accepto la <a href=\"https:\/\/after-agency.com\/ca\/politica-de-privadesa\/\" target=\"_blank\">pol\u00edtica de privacitat<\/a> per activar l'enlla\u00e7.\n<\/span>\n\n<script>\n  document.addEventListener('DOMContentLoaded', function () {\n    const checkbox2 = document.getElementById('privacyCheck2');\n    const link2 = document.getElementById('contactLink2');\n\n    checkbox2.addEventListener('change', function () {\n      if (this.checked) {\n        link2.style.pointerEvents = 'auto';\n        link2.style.opacity = '1';\n      } else {\n        link2.style.pointerEvents = 'none';\n        link2.style.opacity = '0.25';\n      }\n    });\n  });\n<\/script>\t\t\t\t<\/div>\n\t\t\t\t<\/div>\n\t\t\t\t<\/div>\n\t\t<div class=\"elementor-element elementor-element-28fe697 e-con-full e-flex e-con e-child\" data-id=\"28fe697\" data-element_type=\"container\">\n\t\t\t\t<\/div>\n\t\t\t\t<\/div>\n\t\t<div class=\"elementor-element elementor-element-1f5903d e-con-full e-flex e-con e-parent\" data-id=\"1f5903d\" data-element_type=\"container\" data-settings=\"{&quot;background_background&quot;:&quot;classic&quot;}\">\n\t\t\t\t<div class=\"elementor-element elementor-element-c865641 elementor-widget-divider--view-line elementor-widget elementor-widget-divider\" data-id=\"c865641\" data-element_type=\"widget\" data-widget_type=\"divider.default\">\n\t\t\t\t<div class=\"elementor-widget-container\">\n\t\t\t\t\t\t\t<div class=\"elementor-divider\">\n\t\t\t<span class=\"elementor-divider-separator\">\n\t\t\t\t\t\t<\/span>\n\t\t<\/div>\n\t\t\t\t\t\t<\/div>\n\t\t\t\t<\/div>\n\t\t\t\t<\/div>\n\t\t<div class=\"elementor-element elementor-element-5b40937 e-con-full e-flex e-con e-parent\" data-id=\"5b40937\" data-element_type=\"container\" data-settings=\"{&quot;background_background&quot;:&quot;classic&quot;}\">\n\t\t<div class=\"elementor-element elementor-element-ee56b95 e-con-full e-flex e-con e-child\" data-id=\"ee56b95\" data-element_type=\"container\">\n\t\t\t\t<div class=\"elementor-element elementor-element-d890480 elementor-widget elementor-widget-heading\" data-id=\"d890480\" data-element_type=\"widget\" data-widget_type=\"heading.default\">\n\t\t\t\t<div class=\"elementor-widget-container\">\n\t\t\t\t\t<h2 class=\"elementor-heading-title elementor-size-default\">Us vull visitar.<\/h2>\t\t\t\t<\/div>\n\t\t\t\t<\/div>\n\t\t\t\t<\/div>\n\t\t<div class=\"elementor-element elementor-element-3583b10 e-con-full e-flex e-con e-child\" data-id=\"3583b10\" data-element_type=\"container\">\n\t\t\t\t<\/div>\n\t\t\t\t<\/div>\n\t\t<div class=\"elementor-element elementor-element-a36cf48 e-con-full e-flex e-con e-parent\" data-id=\"a36cf48\" data-element_type=\"container\" id=\"seccion-debajo\" data-settings=\"{&quot;background_background&quot;:&quot;classic&quot;}\">\n\t\t<div class=\"elementor-element elementor-element-2c13672 e-con-full e-flex e-con e-child\" data-id=\"2c13672\" data-element_type=\"container\">\n\t\t\t\t<div class=\"elementor-element elementor-element-3283ddf elementor-arrows-position-inside elementor-widget elementor-widget-image-carousel\" data-id=\"3283ddf\" data-element_type=\"widget\" data-settings=\"{&quot;slides_to_show&quot;:&quot;1&quot;,&quot;navigation&quot;:&quot;arrows&quot;,&quot;autoplay&quot;:&quot;yes&quot;,&quot;pause_on_hover&quot;:&quot;yes&quot;,&quot;pause_on_interaction&quot;:&quot;yes&quot;,&quot;autoplay_speed&quot;:5000,&quot;infinite&quot;:&quot;yes&quot;,&quot;effect&quot;:&quot;slide&quot;,&quot;speed&quot;:500}\" data-widget_type=\"image-carousel.default\">\n\t\t\t\t<div class=\"elementor-widget-container\">\n\t\t\t\t\t\t\t<div class=\"elementor-image-carousel-wrapper swiper\" role=\"region\" aria-roledescription=\"carousel\" aria-label=\"Carrusel de im\u00e1genes\" dir=\"ltr\">\n\t\t\t<div class=\"elementor-image-carousel swiper-wrapper\" aria-live=\"off\">\n\t\t\t\t\t\t\t\t<div class=\"swiper-slide\" role=\"group\" aria-roledescription=\"slide\" aria-label=\"1 de 3\"><figure class=\"swiper-slide-inner\"><img decoding=\"async\" class=\"swiper-slide-image\" src=\"https:\/\/after-agency.com\/wp-content\/uploads\/2024\/07\/after_oficina_vlc2.webp\" alt=\"after_oficina_vlc2\" \/><\/figure><\/div><div class=\"swiper-slide\" role=\"group\" aria-roledescription=\"slide\" aria-label=\"2 de 3\"><figure class=\"swiper-slide-inner\"><img decoding=\"async\" class=\"swiper-slide-image\" src=\"https:\/\/after-agency.com\/wp-content\/uploads\/2024\/07\/after_oficina_bcn2.webp\" alt=\"after_oficina_bcn2\" \/><\/figure><\/div><div class=\"swiper-slide\" role=\"group\" aria-roledescription=\"slide\" aria-label=\"3 de 3\"><figure class=\"swiper-slide-inner\"><img decoding=\"async\" class=\"swiper-slide-image\" src=\"https:\/\/after-agency.com\/wp-content\/uploads\/2024\/07\/after_oficina_vlc1.webp\" alt=\"after_oficina_vlc1\" \/><\/figure><\/div>\t\t\t<\/div>\n\t\t\t\t\t\t\t\t\t\t\t\t<div class=\"elementor-swiper-button elementor-swiper-button-prev\" role=\"button\" tabindex=\"0\">\n\t\t\t\t\t\t<svg aria-hidden=\"true\" class=\"e-font-icon-svg e-eicon-chevron-left\" viewBox=\"0 0 1000 1000\" xmlns=\"http:\/\/www.w3.org\/2000\/svg\"><path d=\"M646 125C629 125 613 133 604 142L308 442C296 454 292 471 292 487 292 504 296 521 308 533L604 854C617 867 629 875 646 875 663 875 679 871 692 858 704 846 713 829 713 812 713 796 708 779 692 767L438 487 692 225C700 217 708 204 708 187 708 171 704 154 692 142 675 129 663 125 646 125Z\"><\/path><\/svg>\t\t\t\t\t<\/div>\n\t\t\t\t\t<div class=\"elementor-swiper-button elementor-swiper-button-next\" role=\"button\" tabindex=\"0\">\n\t\t\t\t\t\t<svg aria-hidden=\"true\" class=\"e-font-icon-svg e-eicon-chevron-right\" viewBox=\"0 0 1000 1000\" xmlns=\"http:\/\/www.w3.org\/2000\/svg\"><path d=\"M696 533C708 521 713 504 713 487 713 471 708 454 696 446L400 146C388 133 375 125 354 125 338 125 325 129 313 142 300 154 292 171 292 187 292 204 296 221 308 233L563 492 304 771C292 783 288 800 288 817 288 833 296 850 308 863 321 871 338 875 354 875 371 875 388 867 400 854L696 533Z\"><\/path><\/svg>\t\t\t\t\t<\/div>\n\t\t\t\t\n\t\t\t\t\t\t\t\t\t<\/div>\n\t\t\t\t\t\t<\/div>\n\t\t\t\t<\/div>\n\t\t\t\t<\/div>\n\t\t<div class=\"elementor-element elementor-element-5023d1b e-con-full e-flex e-con e-child\" data-id=\"5023d1b\" data-element_type=\"container\">\n\t\t\t\t<div class=\"elementor-element elementor-element-979b116 elementor-widget elementor-widget-heading\" data-id=\"979b116\" data-element_type=\"widget\" data-widget_type=\"heading.default\">\n\t\t\t\t<div class=\"elementor-widget-container\">\n\t\t\t\t\t<h2 class=\"elementor-heading-title elementor-size-default\">After Barcelona<\/h2>\t\t\t\t<\/div>\n\t\t\t\t<\/div>\n\t\t\t\t<div class=\"elementor-element elementor-element-021e037 elementor-widget elementor-widget-text-editor\" data-id=\"021e037\" data-element_type=\"widget\" data-widget_type=\"text-editor.default\">\n\t\t\t\t<div class=\"elementor-widget-container\">\n\t\t\t\t\t\t\t\t\t<p>C. Morales 40, Bajos 08029. +34 93 284 85 20<\/p>\t\t\t\t\t\t\t\t<\/div>\n\t\t\t\t<\/div>\n\t\t\t\t<div class=\"elementor-element elementor-element-f6aa5f1 elementor-widget elementor-widget-heading\" data-id=\"f6aa5f1\" data-element_type=\"widget\" data-widget_type=\"heading.default\">\n\t\t\t\t<div class=\"elementor-widget-container\">\n\t\t\t\t\t<h2 class=\"elementor-heading-title elementor-size-default\">After Madrid<\/h2>\t\t\t\t<\/div>\n\t\t\t\t<\/div>\n\t\t\t\t<div class=\"elementor-element elementor-element-b9d4e99 elementor-widget elementor-widget-text-editor\" data-id=\"b9d4e99\" data-element_type=\"widget\" data-widget_type=\"text-editor.default\">\n\t\t\t\t<div class=\"elementor-widget-container\">\n\t\t\t\t\t\t\t\t\t<div>C. Federico Mompou 5. Ed.1. Pl.5. Oficina 4 28050 +34 91 360 45 71   <\/div>\t\t\t\t\t\t\t\t<\/div>\n\t\t\t\t<\/div>\n\t\t\t\t<div class=\"elementor-element elementor-element-a261647 elementor-widget elementor-widget-heading\" data-id=\"a261647\" data-element_type=\"widget\" data-widget_type=\"heading.default\">\n\t\t\t\t<div class=\"elementor-widget-container\">\n\t\t\t\t\t<h2 class=\"elementor-heading-title elementor-size-default\">After Val\u00e8ncia<\/h2>\t\t\t\t<\/div>\n\t\t\t\t<\/div>\n\t\t\t\t<div class=\"elementor-element elementor-element-44fa1d2 elementor-widget elementor-widget-text-editor\" data-id=\"44fa1d2\" data-element_type=\"widget\" data-widget_type=\"text-editor.default\">\n\t\t\t\t<div class=\"elementor-widget-container\">\n\t\t\t\t\t\t\t\t\t<p>Av. Regne de Val\u00e8ncia 15, 3r 7. &nbsp;<span style=\"font-weight: 400;\">46005. +34 96 381 66 10<\/span><\/p>\t\t\t\t\t\t\t\t<\/div>\n\t\t\t\t<\/div>\n\t\t\t\t<\/div>\n\t\t\t\t<\/div>\n\t\t\t\t<\/div>\n\t\t","protected":false},"excerpt":{"rendered":"<p>Ja hem parlat massa de nosaltres. El 90% de la comunicaci\u00f3 \u00e9s escoltar, aix\u00ed que digues-nos si et planteges convertir-te en un dels nostres clients , treballar a After o simplement venir a con\u00e8ixer-nos. Vull que la meva marca creixi amb After. Escriu-nos a comunicacion@after-agency.com Accepto la pol\u00edtica de privacitat per activar l&#8217;enlla\u00e7. Vull que [&hellip;]<\/p>\n","protected":false},"author":1,"featured_media":0,"parent":0,"menu_order":0,"comment_status":"closed","ping_status":"closed","template":"elementor_header_footer","meta":{"footnotes":""},"class_list":["post-2972","page","type-page","status-publish","hentry"],"yoast_head":"<!-- This site is optimized with the Yoast SEO plugin v24.9 - https:\/\/yoast.com\/wordpress\/plugins\/seo\/ -->\n<title>PARLEM-NE - after | Agencia Creativa<\/title>\n<meta name=\"robots\" content=\"index, follow, max-snippet:-1, max-image-preview:large, max-video-preview:-1\" \/>\n<link rel=\"canonical\" href=\"https:\/\/after-agency.com\/ca\/parlem-ne\/\" \/>\n<meta property=\"og:locale\" content=\"ca_ES\" \/>\n<meta property=\"og:type\" content=\"article\" \/>\n<meta property=\"og:title\" content=\"PARLEM-NE - after | Agencia Creativa\" \/>\n<meta property=\"og:description\" content=\"Ja hem parlat massa de nosaltres. El 90% de la comunicaci\u00f3 \u00e9s escoltar, aix\u00ed que digues-nos si et planteges convertir-te en un dels nostres clients , treballar a After o simplement venir a con\u00e8ixer-nos. Vull que la meva marca creixi amb After. Escriu-nos a comunicacion@after-agency.com Accepto la pol\u00edtica de privacitat per activar l&#8217;enlla\u00e7. Vull que [&hellip;]\" \/>\n<meta property=\"og:url\" content=\"https:\/\/after-agency.com\/ca\/parlem-ne\/\" \/>\n<meta property=\"og:site_name\" content=\"after | Agencia Creativa\" \/>\n<meta property=\"article:modified_time\" content=\"2025-10-29T10:37:35+00:00\" \/>\n<meta property=\"og:image\" content=\"https:\/\/after-agency.com\/wp-content\/uploads\/2024\/07\/after_oficina_vlc2.webp\" \/>\n<meta name=\"twitter:card\" content=\"summary_large_image\" \/>\n<meta name=\"twitter:site\" content=\"@SomosAfter\" \/>\n<meta name=\"twitter:label1\" content=\"Temps estimat de lectura\" \/>\n\t<meta name=\"twitter:data1\" content=\"2 minuts\" \/>\n<script type=\"application\/ld+json\" class=\"yoast-schema-graph\">{\"@context\":\"https:\/\/schema.org\",\"@graph\":[{\"@type\":\"WebPage\",\"@id\":\"https:\/\/after-agency.com\/ca\/parlem-ne\/\",\"url\":\"https:\/\/after-agency.com\/ca\/parlem-ne\/\",\"name\":\"PARLEM-NE - after | Agencia Creativa\",\"isPartOf\":{\"@id\":\"https:\/\/after-agency.com\/ca\/#website\"},\"primaryImageOfPage\":{\"@id\":\"https:\/\/after-agency.com\/ca\/parlem-ne\/#primaryimage\"},\"image\":{\"@id\":\"https:\/\/after-agency.com\/ca\/parlem-ne\/#primaryimage\"},\"thumbnailUrl\":\"https:\/\/after-agency.com\/wp-content\/uploads\/2024\/07\/after_oficina_vlc2.webp\",\"datePublished\":\"2024-07-10T09:43:21+00:00\",\"dateModified\":\"2025-10-29T10:37:35+00:00\",\"breadcrumb\":{\"@id\":\"https:\/\/after-agency.com\/ca\/parlem-ne\/#breadcrumb\"},\"inLanguage\":\"ca\",\"potentialAction\":[{\"@type\":\"ReadAction\",\"target\":[\"https:\/\/after-agency.com\/ca\/parlem-ne\/\"]}]},{\"@type\":\"ImageObject\",\"inLanguage\":\"ca\",\"@id\":\"https:\/\/after-agency.com\/ca\/parlem-ne\/#primaryimage\",\"url\":\"https:\/\/after-agency.com\/wp-content\/uploads\/2024\/07\/after_oficina_vlc2.webp\",\"contentUrl\":\"https:\/\/after-agency.com\/wp-content\/uploads\/2024\/07\/after_oficina_vlc2.webp\"},{\"@type\":\"BreadcrumbList\",\"@id\":\"https:\/\/after-agency.com\/ca\/parlem-ne\/#breadcrumb\",\"itemListElement\":[{\"@type\":\"ListItem\",\"position\":1,\"name\":\"Portada\",\"item\":\"https:\/\/after-agency.com\/ca\/\"},{\"@type\":\"ListItem\",\"position\":2,\"name\":\"PARLEM-NE\"}]},{\"@type\":\"WebSite\",\"@id\":\"https:\/\/after-agency.com\/ca\/#website\",\"url\":\"https:\/\/after-agency.com\/ca\/\",\"name\":\"after | Agencia Creativa\",\"description\":\"\",\"publisher\":{\"@id\":\"https:\/\/after-agency.com\/ca\/#organization\"},\"potentialAction\":[{\"@type\":\"SearchAction\",\"target\":{\"@type\":\"EntryPoint\",\"urlTemplate\":\"https:\/\/after-agency.com\/ca\/?s={search_term_string}\"},\"query-input\":{\"@type\":\"PropertyValueSpecification\",\"valueRequired\":true,\"valueName\":\"search_term_string\"}}],\"inLanguage\":\"ca\"},{\"@type\":\"Organization\",\"@id\":\"https:\/\/after-agency.com\/ca\/#organization\",\"name\":\"after | Agencia Creativa\",\"url\":\"https:\/\/after-agency.com\/ca\/\",\"logo\":{\"@type\":\"ImageObject\",\"inLanguage\":\"ca\",\"@id\":\"https:\/\/after-agency.com\/ca\/#\/schema\/logo\/image\/\",\"url\":\"https:\/\/after-agency.com\/wp-content\/uploads\/2024\/12\/aftersharetv_logo-2.jpeg\",\"contentUrl\":\"https:\/\/after-agency.com\/wp-content\/uploads\/2024\/12\/aftersharetv_logo-2.jpeg\",\"width\":200,\"height\":200,\"caption\":\"after | Agencia Creativa\"},\"image\":{\"@id\":\"https:\/\/after-agency.com\/ca\/#\/schema\/logo\/image\/\"},\"sameAs\":[\"https:\/\/x.com\/SomosAfter\",\"https:\/\/www.instagram.com\/somosafter\",\"https:\/\/www.linkedin.com\/company\/somosafter\"]}]}<\/script>\n<!-- \/ Yoast SEO plugin. -->","yoast_head_json":{"title":"PARLEM-NE - after | Agencia Creativa","robots":{"index":"index","follow":"follow","max-snippet":"max-snippet:-1","max-image-preview":"max-image-preview:large","max-video-preview":"max-video-preview:-1"},"canonical":"https:\/\/after-agency.com\/ca\/parlem-ne\/","og_locale":"ca_ES","og_type":"article","og_title":"PARLEM-NE - after | Agencia Creativa","og_description":"Ja hem parlat massa de nosaltres. El 90% de la comunicaci\u00f3 \u00e9s escoltar, aix\u00ed que digues-nos si et planteges convertir-te en un dels nostres clients , treballar a After o simplement venir a con\u00e8ixer-nos. Vull que la meva marca creixi amb After. Escriu-nos a comunicacion@after-agency.com Accepto la pol\u00edtica de privacitat per activar l&#8217;enlla\u00e7. Vull que [&hellip;]","og_url":"https:\/\/after-agency.com\/ca\/parlem-ne\/","og_site_name":"after | Agencia Creativa","article_modified_time":"2025-10-29T10:37:35+00:00","og_image":[{"url":"https:\/\/after-agency.com\/wp-content\/uploads\/2024\/07\/after_oficina_vlc2.webp","type":"","width":"","height":""}],"twitter_card":"summary_large_image","twitter_site":"@SomosAfter","twitter_misc":{"Temps estimat de lectura":"2 minuts"},"schema":{"@context":"https:\/\/schema.org","@graph":[{"@type":"WebPage","@id":"https:\/\/after-agency.com\/ca\/parlem-ne\/","url":"https:\/\/after-agency.com\/ca\/parlem-ne\/","name":"PARLEM-NE - after | Agencia Creativa","isPartOf":{"@id":"https:\/\/after-agency.com\/ca\/#website"},"primaryImageOfPage":{"@id":"https:\/\/after-agency.com\/ca\/parlem-ne\/#primaryimage"},"image":{"@id":"https:\/\/after-agency.com\/ca\/parlem-ne\/#primaryimage"},"thumbnailUrl":"https:\/\/after-agency.com\/wp-content\/uploads\/2024\/07\/after_oficina_vlc2.webp","datePublished":"2024-07-10T09:43:21+00:00","dateModified":"2025-10-29T10:37:35+00:00","breadcrumb":{"@id":"https:\/\/after-agency.com\/ca\/parlem-ne\/#breadcrumb"},"inLanguage":"ca","potentialAction":[{"@type":"ReadAction","target":["https:\/\/after-agency.com\/ca\/parlem-ne\/"]}]},{"@type":"ImageObject","inLanguage":"ca","@id":"https:\/\/after-agency.com\/ca\/parlem-ne\/#primaryimage","url":"https:\/\/after-agency.com\/wp-content\/uploads\/2024\/07\/after_oficina_vlc2.webp","contentUrl":"https:\/\/after-agency.com\/wp-content\/uploads\/2024\/07\/after_oficina_vlc2.webp"},{"@type":"BreadcrumbList","@id":"https:\/\/after-agency.com\/ca\/parlem-ne\/#breadcrumb","itemListElement":[{"@type":"ListItem","position":1,"name":"Portada","item":"https:\/\/after-agency.com\/ca\/"},{"@type":"ListItem","position":2,"name":"PARLEM-NE"}]},{"@type":"WebSite","@id":"https:\/\/after-agency.com\/ca\/#website","url":"https:\/\/after-agency.com\/ca\/","name":"after | Agencia Creativa","description":"","publisher":{"@id":"https:\/\/after-agency.com\/ca\/#organization"},"potentialAction":[{"@type":"SearchAction","target":{"@type":"EntryPoint","urlTemplate":"https:\/\/after-agency.com\/ca\/?s={search_term_string}"},"query-input":{"@type":"PropertyValueSpecification","valueRequired":true,"valueName":"search_term_string"}}],"inLanguage":"ca"},{"@type":"Organization","@id":"https:\/\/after-agency.com\/ca\/#organization","name":"after | Agencia Creativa","url":"https:\/\/after-agency.com\/ca\/","logo":{"@type":"ImageObject","inLanguage":"ca","@id":"https:\/\/after-agency.com\/ca\/#\/schema\/logo\/image\/","url":"https:\/\/after-agency.com\/wp-content\/uploads\/2024\/12\/aftersharetv_logo-2.jpeg","contentUrl":"https:\/\/after-agency.com\/wp-content\/uploads\/2024\/12\/aftersharetv_logo-2.jpeg","width":200,"height":200,"caption":"after | Agencia Creativa"},"image":{"@id":"https:\/\/after-agency.com\/ca\/#\/schema\/logo\/image\/"},"sameAs":["https:\/\/x.com\/SomosAfter","https:\/\/www.instagram.com\/somosafter","https:\/\/www.linkedin.com\/company\/somosafter"]}]}},"_links":{"self":[{"href":"https:\/\/after-agency.com\/ca\/wp-json\/wp\/v2\/pages\/2972","targetHints":{"allow":["GET"]}}],"collection":[{"href":"https:\/\/after-agency.com\/ca\/wp-json\/wp\/v2\/pages"}],"about":[{"href":"https:\/\/after-agency.com\/ca\/wp-json\/wp\/v2\/types\/page"}],"author":[{"embeddable":true,"href":"https:\/\/after-agency.com\/ca\/wp-json\/wp\/v2\/users\/1"}],"replies":[{"embeddable":true,"href":"https:\/\/after-agency.com\/ca\/wp-json\/wp\/v2\/comments?post=2972"}],"version-history":[{"count":7,"href":"https:\/\/after-agency.com\/ca\/wp-json\/wp\/v2\/pages\/2972\/revisions"}],"predecessor-version":[{"id":9583,"href":"https:\/\/after-agency.com\/ca\/wp-json\/wp\/v2\/pages\/2972\/revisions\/9583"}],"wp:attachment":[{"href":"https:\/\/after-agency.com\/ca\/wp-json\/wp\/v2\/media?parent=2972"}],"curies":[{"name":"wp","href":"https:\/\/api.w.org\/{rel}","templated":true}]}}