{"id":2968,"date":"2024-07-10T11:48:24","date_gmt":"2024-07-10T09:48:24","guid":{"rendered":"https:\/\/after-agency.com\/metodologia\/"},"modified":"2025-07-05T12:44:52","modified_gmt":"2025-07-05T10:44:52","slug":"metodologia","status":"publish","type":"page","link":"https:\/\/after-agency.com\/ca\/metodologia\/","title":{"rendered":"Metodologia"},"content":{"rendered":"\t\t<div data-elementor-type=\"wp-page\" data-elementor-id=\"2968\" class=\"elementor elementor-2968 elementor-52\" data-elementor-post-type=\"page\">\n\t\t\t\t<div class=\"elementor-element elementor-element-c26a7be e-con-full e-flex e-con e-parent\" data-id=\"c26a7be\" data-element_type=\"container\" data-settings=\"{&quot;background_background&quot;:&quot;classic&quot;}\">\n\t\t<div class=\"elementor-element elementor-element-bf50476 e-con-full e-flex e-con e-child\" data-id=\"bf50476\" data-element_type=\"container\">\n\t\t\t\t<div class=\"elementor-element elementor-element-bffffd8 elementor-widget elementor-widget-text-editor\" data-id=\"bffffd8\" data-element_type=\"widget\" data-widget_type=\"text-editor.default\">\n\t\t\t\t<div class=\"elementor-widget-container\">\n\t\t\t\t\t\t\t\t\t<p class=\"p1\">La nostra definici\u00f3 de \u201cEstrat\u00e8gia\u201d passa per les preguntes que et fas, no per les respostes que se solen donar. <\/p>\t\t\t\t\t\t\t\t<\/div>\n\t\t\t\t<\/div>\n\t\t\t\t<\/div>\n\t\t<div class=\"elementor-element elementor-element-396e1a7 e-con-full e-flex e-con e-child\" data-id=\"396e1a7\" data-element_type=\"container\">\n\t\t\t\t<\/div>\n\t\t\t\t<\/div>\n\t\t<div class=\"elementor-element elementor-element-a02af69 e-con-full e-flex e-con e-parent\" data-id=\"a02af69\" data-element_type=\"container\" data-settings=\"{&quot;background_background&quot;:&quot;classic&quot;}\">\n\t\t<div class=\"elementor-element elementor-element-9e2c3df e-con-full e-flex e-con e-child\" data-id=\"9e2c3df\" data-element_type=\"container\">\n\t\t<div class=\"elementor-element elementor-element-cc09237 e-con-full e-flex e-con e-child\" data-id=\"cc09237\" data-element_type=\"container\">\n\t\t\t\t<div class=\"elementor-element elementor-element-5a4bf8d elementor-widget__width-initial elementor-widget-mobile__width-initial elementor-widget elementor-widget-icon-box\" data-id=\"5a4bf8d\" data-element_type=\"widget\" data-widget_type=\"icon-box.default\">\n\t\t\t\t<div class=\"elementor-widget-container\">\n\t\t\t\t\t\t\t<div class=\"elementor-icon-box-wrapper\">\n\n\t\t\t\n\t\t\t\t\t\t<div class=\"elementor-icon-box-content\">\n\n\t\t\t\t\n\t\t\t\t\t\t\t\t\t<p class=\"elementor-icon-box-description\">\n\t\t\t\t\t\tUna metodologia enregistrada que ens guia en arrencar cada projecte des de fa m\u00e9s de 10 anys.\t\t\t\t\t<\/p>\n\t\t\t\t\n\t\t\t<\/div>\n\t\t\t\n\t\t<\/div>\n\t\t\t\t\t\t<\/div>\n\t\t\t\t<\/div>\n\t\t\t\t<div class=\"elementor-element elementor-element-82d3722 elementor-widget__width-initial elementor-widget-mobile__width-initial elementor-widget elementor-widget-icon-box\" data-id=\"82d3722\" data-element_type=\"widget\" data-widget_type=\"icon-box.default\">\n\t\t\t\t<div class=\"elementor-widget-container\">\n\t\t\t\t\t\t\t<div class=\"elementor-icon-box-wrapper\">\n\n\t\t\t\n\t\t\t\t\t\t<div class=\"elementor-icon-box-content\">\n\n\t\t\t\t\n\t\t\t\t\t\t\t\t\t<p class=\"elementor-icon-box-description\">\n\t\t\t\t\t\tUna eina per ordenar estrat\u00e8gicament i pensar de manera disruptiva i \u00fatil.\t\t\t\t\t<\/p>\n\t\t\t\t\n\t\t\t<\/div>\n\t\t\t\n\t\t<\/div>\n\t\t\t\t\t\t<\/div>\n\t\t\t\t<\/div>\n\t\t\t\t<div class=\"elementor-element elementor-element-e30a4a7 elementor-widget__width-initial elementor-widget-mobile__width-initial elementor-widget elementor-widget-icon-box\" data-id=\"e30a4a7\" data-element_type=\"widget\" data-widget_type=\"icon-box.default\">\n\t\t\t\t<div class=\"elementor-widget-container\">\n\t\t\t\t\t\t\t<div class=\"elementor-icon-box-wrapper\">\n\n\t\t\t\n\t\t\t\t\t\t<div class=\"elementor-icon-box-content\">\n\n\t\t\t\t\n\t\t\t\t\t\t\t\t\t<p class=\"elementor-icon-box-description\">\n\t\t\t\t\t\tUn workshop amb m\u00e9s de 20 preguntes creatives que q\u00fcestionen la companyia des de nous punts de vista.\t\t\t\t\t<\/p>\n\t\t\t\t\n\t\t\t<\/div>\n\t\t\t\n\t\t<\/div>\n\t\t\t\t\t\t<\/div>\n\t\t\t\t<\/div>\n\t\t\t\t<div class=\"elementor-element elementor-element-e4266d0 elementor-widget__width-initial elementor-widget-mobile__width-initial elementor-widget elementor-widget-icon-box\" data-id=\"e4266d0\" data-element_type=\"widget\" data-widget_type=\"icon-box.default\">\n\t\t\t\t<div class=\"elementor-widget-container\">\n\t\t\t\t\t\t\t<div class=\"elementor-icon-box-wrapper\">\n\n\t\t\t\n\t\t\t\t\t\t<div class=\"elementor-icon-box-content\">\n\n\t\t\t\t\n\t\t\t\t\t\t\t\t\t<p class=\"elementor-icon-box-description\">\n\t\t\t\t\t\tMercadona, Housfy, MARS, Turespa\u00f1a, TATAY, Inditex\u2026 per a projectes estrat\u00e8gics o formacions internes dels equips.\t\t\t\t\t<\/p>\n\t\t\t\t\n\t\t\t<\/div>\n\t\t\t\n\t\t<\/div>\n\t\t\t\t\t\t<\/div>\n\t\t\t\t<\/div>\n\t\t\t\t<\/div>\n\t\t\t\t<\/div>\n\t\t<div class=\"elementor-element elementor-element-ebe489a e-con-full e-flex e-con e-child\" data-id=\"ebe489a\" data-element_type=\"container\">\n\t\t\t\t<div class=\"elementor-element elementor-element-2e9d970 elementor-widget elementor-widget-image\" data-id=\"2e9d970\" data-element_type=\"widget\" data-widget_type=\"image.default\">\n\t\t\t\t<div class=\"elementor-widget-container\">\n\t\t\t\t\t\t\t\t\t\t\t\t\t\t\t<img fetchpriority=\"high\" decoding=\"async\" width=\"800\" height=\"766\" src=\"https:\/\/after-agency.com\/wp-content\/uploads\/2024\/07\/PQC-1024x980.png\" class=\"attachment-large size-large wp-image-2710\" alt=\"\" srcset=\"https:\/\/after-agency.com\/wp-content\/uploads\/2024\/07\/PQC-1024x980.png 1024w, https:\/\/after-agency.com\/wp-content\/uploads\/2024\/07\/PQC-300x287.png 300w, https:\/\/after-agency.com\/wp-content\/uploads\/2024\/07\/PQC-768x735.png 768w, https:\/\/after-agency.com\/wp-content\/uploads\/2024\/07\/PQC.png 1108w\" sizes=\"(max-width: 800px) 100vw, 800px\" \/>\t\t\t\t\t\t\t\t\t\t\t\t\t\t\t<\/div>\n\t\t\t\t<\/div>\n\t\t\t\t<\/div>\n\t\t\t\t<\/div>\n\t\t<div class=\"elementor-element elementor-element-ae174f5 e-flex e-con-boxed e-con e-parent\" data-id=\"ae174f5\" data-element_type=\"container\" data-settings=\"{&quot;background_background&quot;:&quot;classic&quot;}\">\n\t\t\t\t\t<div class=\"e-con-inner\">\n\t\t<div class=\"elementor-element elementor-element-dbba036 e-con-full e-flex e-con e-child\" data-id=\"dbba036\" data-element_type=\"container\" data-settings=\"{&quot;background_background&quot;:&quot;classic&quot;}\">\n\t\t\t\t<div class=\"elementor-element elementor-element-5e4f851 elementor-widget elementor-widget-image\" data-id=\"5e4f851\" data-element_type=\"widget\" data-widget_type=\"image.default\">\n\t\t\t\t<div class=\"elementor-widget-container\">\n\t\t\t\t\t\t\t\t\t\t\t\t\t\t\t<img decoding=\"async\" width=\"742\" height=\"739\" src=\"https:\/\/after-agency.com\/wp-content\/uploads\/2024\/07\/foto_1_big.png\" class=\"attachment-large size-large wp-image-2701\" alt=\"\" srcset=\"https:\/\/after-agency.com\/wp-content\/uploads\/2024\/07\/foto_1_big.png 742w, https:\/\/after-agency.com\/wp-content\/uploads\/2024\/07\/foto_1_big-300x300.png 300w, https:\/\/after-agency.com\/wp-content\/uploads\/2024\/07\/foto_1_big-150x150.png 150w\" sizes=\"(max-width: 742px) 100vw, 742px\" \/>\t\t\t\t\t\t\t\t\t\t\t\t\t\t\t<\/div>\n\t\t\t\t<\/div>\n\t\t\t\t<\/div>\n\t\t<div class=\"elementor-element elementor-element-31cbe88 e-con-full e-flex e-con e-child\" data-id=\"31cbe88\" data-element_type=\"container\">\n\t\t<div class=\"elementor-element elementor-element-de331c6 e-con-full e-flex e-con e-child\" data-id=\"de331c6\" data-element_type=\"container\">\n\t\t\t\t<div class=\"elementor-element elementor-element-17c662c elementor-widget elementor-widget-image\" data-id=\"17c662c\" data-element_type=\"widget\" data-widget_type=\"image.default\">\n\t\t\t\t<div class=\"elementor-widget-container\">\n\t\t\t\t\t\t\t\t\t\t\t\t\t\t\t<img decoding=\"async\" width=\"742\" height=\"738\" src=\"https:\/\/after-agency.com\/wp-content\/uploads\/2024\/07\/foto_2_big.png\" class=\"attachment-large size-large wp-image-2704\" alt=\"\" srcset=\"https:\/\/after-agency.com\/wp-content\/uploads\/2024\/07\/foto_2_big.png 742w, https:\/\/after-agency.com\/wp-content\/uploads\/2024\/07\/foto_2_big-300x298.png 300w, https:\/\/after-agency.com\/wp-content\/uploads\/2024\/07\/foto_2_big-150x150.png 150w\" sizes=\"(max-width: 742px) 100vw, 742px\" \/>\t\t\t\t\t\t\t\t\t\t\t\t\t\t\t<\/div>\n\t\t\t\t<\/div>\n\t\t\t\t<\/div>\n\t\t<div class=\"elementor-element elementor-element-b81bf6a e-con-full e-flex e-con e-child\" data-id=\"b81bf6a\" data-element_type=\"container\">\n\t\t\t\t<div class=\"elementor-element elementor-element-3124dbf elementor-widget elementor-widget-image\" data-id=\"3124dbf\" data-element_type=\"widget\" data-widget_type=\"image.default\">\n\t\t\t\t<div class=\"elementor-widget-container\">\n\t\t\t\t\t\t\t\t\t\t\t\t\t\t\t<img loading=\"lazy\" decoding=\"async\" width=\"742\" height=\"738\" src=\"https:\/\/after-agency.com\/wp-content\/uploads\/2024\/07\/foto_3_big.png\" class=\"attachment-large size-large wp-image-2707\" alt=\"\" srcset=\"https:\/\/after-agency.com\/wp-content\/uploads\/2024\/07\/foto_3_big.png 742w, https:\/\/after-agency.com\/wp-content\/uploads\/2024\/07\/foto_3_big-300x298.png 300w, https:\/\/after-agency.com\/wp-content\/uploads\/2024\/07\/foto_3_big-150x150.png 150w\" sizes=\"(max-width: 742px) 100vw, 742px\" \/>\t\t\t\t\t\t\t\t\t\t\t\t\t\t\t<\/div>\n\t\t\t\t<\/div>\n\t\t\t\t<\/div>\n\t\t\t\t<\/div>\n\t\t\t\t\t<\/div>\n\t\t\t\t<\/div>\n\t\t<div class=\"elementor-element elementor-element-531db4f e-con-full e-flex e-con e-parent\" data-id=\"531db4f\" data-element_type=\"container\" data-settings=\"{&quot;background_background&quot;:&quot;classic&quot;}\">\n\t\t\t\t<div class=\"elementor-element elementor-element-d0a56bc elementor-widget-divider--view-line elementor-widget elementor-widget-divider\" data-id=\"d0a56bc\" data-element_type=\"widget\" data-widget_type=\"divider.default\">\n\t\t\t\t<div class=\"elementor-widget-container\">\n\t\t\t\t\t\t\t<div class=\"elementor-divider\">\n\t\t\t<span class=\"elementor-divider-separator\">\n\t\t\t\t\t\t<\/span>\n\t\t<\/div>\n\t\t\t\t\t\t<\/div>\n\t\t\t\t<\/div>\n\t\t\t\t<\/div>\n\t\t<div class=\"elementor-element elementor-element-062ca41 e-con-full e-flex e-con e-parent\" data-id=\"062ca41\" data-element_type=\"container\" data-settings=\"{&quot;background_background&quot;:&quot;classic&quot;}\">\n\t\t<div class=\"elementor-element elementor-element-ec1bd92 e-con-full e-flex e-con e-child\" data-id=\"ec1bd92\" data-element_type=\"container\">\n\t\t\t\t<div class=\"elementor-element elementor-element-eb6bb82 elementor-widget elementor-widget-heading\" data-id=\"eb6bb82\" data-element_type=\"widget\" data-widget_type=\"heading.default\">\n\t\t\t\t<div class=\"elementor-widget-container\">\n\t\t\t\t\t<h2 class=\"elementor-heading-title elementor-size-default\">Per qu\u00e8<\/h2>\t\t\t\t<\/div>\n\t\t\t\t<\/div>\n\t\t\t\t<div class=\"elementor-element elementor-element-2494cfe elementor-widget elementor-widget-text-editor\" data-id=\"2494cfe\" data-element_type=\"widget\" data-widget_type=\"text-editor.default\">\n\t\t\t\t<div class=\"elementor-widget-container\">\n\t\t\t\t\t\t\t\t\t<p>Per quin motiu hi ha d&#8217;haver la teva marca?<\/p>\t\t\t\t\t\t\t\t<\/div>\n\t\t\t\t<\/div>\n\t\t\t\t<\/div>\n\t\t<div class=\"elementor-element elementor-element-df9cfc6 e-con-full e-flex e-con e-child\" data-id=\"df9cfc6\" data-element_type=\"container\">\n\t\t\t\t<div class=\"elementor-element elementor-element-a27e046 elementor-widget elementor-widget-heading\" data-id=\"a27e046\" data-element_type=\"widget\" data-widget_type=\"heading.default\">\n\t\t\t\t<div class=\"elementor-widget-container\">\n\t\t\t\t\t<h2 class=\"elementor-heading-title elementor-size-default\">Qu\u00e8<\/h2>\t\t\t\t<\/div>\n\t\t\t\t<\/div>\n\t\t\t\t<div class=\"elementor-element elementor-element-177323d elementor-widget elementor-widget-text-editor\" data-id=\"177323d\" data-element_type=\"widget\" data-widget_type=\"text-editor.default\">\n\t\t\t\t<div class=\"elementor-widget-container\">\n\t\t\t\t\t\t\t\t\t<p>Qu\u00e8 cal fer per multiplicar el dir?<\/p>\t\t\t\t\t\t\t\t<\/div>\n\t\t\t\t<\/div>\n\t\t\t\t<\/div>\n\t\t<div class=\"elementor-element elementor-element-4a896cf e-con-full e-flex e-con e-child\" data-id=\"4a896cf\" data-element_type=\"container\">\n\t\t\t\t<div class=\"elementor-element elementor-element-cb359c2 elementor-widget elementor-widget-heading\" data-id=\"cb359c2\" data-element_type=\"widget\" data-widget_type=\"heading.default\">\n\t\t\t\t<div class=\"elementor-widget-container\">\n\t\t\t\t\t<h2 class=\"elementor-heading-title elementor-size-default\">Com<\/h2>\t\t\t\t<\/div>\n\t\t\t\t<\/div>\n\t\t\t\t<div class=\"elementor-element elementor-element-75a60c5 elementor-widget elementor-widget-text-editor\" data-id=\"75a60c5\" data-element_type=\"widget\" data-widget_type=\"text-editor.default\">\n\t\t\t\t<div class=\"elementor-widget-container\">\n\t\t\t\t\t\t\t\t\t<p>Com ho fem rellevant, reputacional i ressonant?<\/p>\t\t\t\t\t\t\t\t<\/div>\n\t\t\t\t<\/div>\n\t\t\t\t<\/div>\n\t\t\t\t<\/div>\n\t\t<div class=\"elementor-element elementor-element-79edf92 e-con-full e-flex e-con e-parent\" data-id=\"79edf92\" data-element_type=\"container\" data-settings=\"{&quot;background_background&quot;:&quot;classic&quot;}\">\n\t\t\t\t<div class=\"elementor-element elementor-element-6a317aa elementor-widget-divider--view-line elementor-widget elementor-widget-divider\" data-id=\"6a317aa\" data-element_type=\"widget\" data-widget_type=\"divider.default\">\n\t\t\t\t<div class=\"elementor-widget-container\">\n\t\t\t\t\t\t\t<div class=\"elementor-divider\">\n\t\t\t<span class=\"elementor-divider-separator\">\n\t\t\t\t\t\t<\/span>\n\t\t<\/div>\n\t\t\t\t\t\t<\/div>\n\t\t\t\t<\/div>\n\t\t\t\t<\/div>\n\t\t<div class=\"elementor-element elementor-element-7dda767 e-con-full e-flex e-con e-parent\" data-id=\"7dda767\" data-element_type=\"container\" data-settings=\"{&quot;background_background&quot;:&quot;classic&quot;}\">\n\t\t<div class=\"elementor-element elementor-element-c6a1b12 e-con-full e-flex e-con e-child\" data-id=\"c6a1b12\" data-element_type=\"container\">\n\t\t\t\t<div class=\"elementor-element elementor-element-357b6ae elementor-widget elementor-widget-text-editor\" data-id=\"357b6ae\" data-element_type=\"widget\" data-widget_type=\"text-editor.default\">\n\t\t\t\t<div class=\"elementor-widget-container\">\n\t\t\t\t\t\t\t\t\t<p>El PQC ja ha ajudat els nostres <a href=\"https:\/\/after-agency.com\/ca\/clients\/\" target=\"_blank\" rel=\"noopener\">principals clients<\/a> , i ara pot ajudar a la teva marca. <a href=\"https:\/\/after-agency.com\/ca\/parlem-ne\/\" target=\"_blank\" rel=\"noopener\">Contacta<\/a> .<\/p>\t\t\t\t\t\t\t\t<\/div>\n\t\t\t\t<\/div>\n\t\t\t\t<\/div>\n\t\t<div class=\"elementor-element elementor-element-47a565b e-con-full e-flex e-con e-child\" data-id=\"47a565b\" data-element_type=\"container\">\n\t\t\t\t<\/div>\n\t\t\t\t<\/div>\n\t\t\t\t<\/div>\n\t\t","protected":false},"excerpt":{"rendered":"<p>La nostra definici\u00f3 de \u201cEstrat\u00e8gia\u201d passa per les preguntes que et fas, no per les respostes que se solen donar. Una metodologia enregistrada que ens guia en arrencar cada projecte des de fa m\u00e9s de 10 anys. Una eina per ordenar estrat\u00e8gicament i pensar de manera disruptiva i \u00fatil. Un workshop amb m\u00e9s de 20 [&hellip;]<\/p>\n","protected":false},"author":1,"featured_media":0,"parent":0,"menu_order":0,"comment_status":"closed","ping_status":"closed","template":"elementor_header_footer","meta":{"footnotes":""},"class_list":["post-2968","page","type-page","status-publish","hentry"],"yoast_head":"<!-- This site is optimized with the Yoast SEO plugin v24.9 - https:\/\/yoast.com\/wordpress\/plugins\/seo\/ -->\n<title>Metodologia - after | Agencia Creativa<\/title>\n<meta name=\"robots\" content=\"index, follow, max-snippet:-1, max-image-preview:large, max-video-preview:-1\" \/>\n<link rel=\"canonical\" href=\"https:\/\/after-agency.com\/ca\/metodologia\/\" \/>\n<meta property=\"og:locale\" content=\"ca_ES\" \/>\n<meta property=\"og:type\" content=\"article\" \/>\n<meta property=\"og:title\" content=\"Metodologia - after | Agencia Creativa\" \/>\n<meta property=\"og:description\" content=\"La nostra definici\u00f3 de \u201cEstrat\u00e8gia\u201d passa per les preguntes que et fas, no per les respostes que se solen donar. Una metodologia enregistrada que ens guia en arrencar cada projecte des de fa m\u00e9s de 10 anys. Una eina per ordenar estrat\u00e8gicament i pensar de manera disruptiva i \u00fatil. Un workshop amb m\u00e9s de 20 [&hellip;]\" \/>\n<meta property=\"og:url\" content=\"https:\/\/after-agency.com\/ca\/metodologia\/\" \/>\n<meta property=\"og:site_name\" content=\"after | Agencia Creativa\" \/>\n<meta property=\"article:modified_time\" content=\"2025-07-05T10:44:52+00:00\" \/>\n<meta property=\"og:image\" content=\"https:\/\/after-agency.com\/wp-content\/uploads\/2024\/07\/PQC.png\" \/>\n\t<meta property=\"og:image:width\" content=\"1108\" \/>\n\t<meta property=\"og:image:height\" content=\"1060\" \/>\n\t<meta property=\"og:image:type\" content=\"image\/png\" \/>\n<meta name=\"twitter:card\" content=\"summary_large_image\" \/>\n<meta name=\"twitter:site\" content=\"@SomosAfter\" \/>\n<meta name=\"twitter:label1\" content=\"Temps estimat de lectura\" \/>\n\t<meta name=\"twitter:data1\" content=\"1 minut\" \/>\n<script type=\"application\/ld+json\" class=\"yoast-schema-graph\">{\"@context\":\"https:\/\/schema.org\",\"@graph\":[{\"@type\":\"WebPage\",\"@id\":\"https:\/\/after-agency.com\/ca\/metodologia\/\",\"url\":\"https:\/\/after-agency.com\/ca\/metodologia\/\",\"name\":\"Metodologia - after | Agencia Creativa\",\"isPartOf\":{\"@id\":\"https:\/\/after-agency.com\/ca\/#website\"},\"primaryImageOfPage\":{\"@id\":\"https:\/\/after-agency.com\/ca\/metodologia\/#primaryimage\"},\"image\":{\"@id\":\"https:\/\/after-agency.com\/ca\/metodologia\/#primaryimage\"},\"thumbnailUrl\":\"https:\/\/after-agency.com\/wp-content\/uploads\/2024\/07\/PQC-1024x980.png\",\"datePublished\":\"2024-07-10T09:48:24+00:00\",\"dateModified\":\"2025-07-05T10:44:52+00:00\",\"breadcrumb\":{\"@id\":\"https:\/\/after-agency.com\/ca\/metodologia\/#breadcrumb\"},\"inLanguage\":\"ca\",\"potentialAction\":[{\"@type\":\"ReadAction\",\"target\":[\"https:\/\/after-agency.com\/ca\/metodologia\/\"]}]},{\"@type\":\"ImageObject\",\"inLanguage\":\"ca\",\"@id\":\"https:\/\/after-agency.com\/ca\/metodologia\/#primaryimage\",\"url\":\"https:\/\/after-agency.com\/wp-content\/uploads\/2024\/07\/PQC-1024x980.png\",\"contentUrl\":\"https:\/\/after-agency.com\/wp-content\/uploads\/2024\/07\/PQC-1024x980.png\"},{\"@type\":\"BreadcrumbList\",\"@id\":\"https:\/\/after-agency.com\/ca\/metodologia\/#breadcrumb\",\"itemListElement\":[{\"@type\":\"ListItem\",\"position\":1,\"name\":\"Portada\",\"item\":\"https:\/\/after-agency.com\/ca\/\"},{\"@type\":\"ListItem\",\"position\":2,\"name\":\"Metodologia\"}]},{\"@type\":\"WebSite\",\"@id\":\"https:\/\/after-agency.com\/ca\/#website\",\"url\":\"https:\/\/after-agency.com\/ca\/\",\"name\":\"after | Agencia Creativa\",\"description\":\"\",\"publisher\":{\"@id\":\"https:\/\/after-agency.com\/ca\/#organization\"},\"potentialAction\":[{\"@type\":\"SearchAction\",\"target\":{\"@type\":\"EntryPoint\",\"urlTemplate\":\"https:\/\/after-agency.com\/ca\/?s={search_term_string}\"},\"query-input\":{\"@type\":\"PropertyValueSpecification\",\"valueRequired\":true,\"valueName\":\"search_term_string\"}}],\"inLanguage\":\"ca\"},{\"@type\":\"Organization\",\"@id\":\"https:\/\/after-agency.com\/ca\/#organization\",\"name\":\"after | Agencia Creativa\",\"url\":\"https:\/\/after-agency.com\/ca\/\",\"logo\":{\"@type\":\"ImageObject\",\"inLanguage\":\"ca\",\"@id\":\"https:\/\/after-agency.com\/ca\/#\/schema\/logo\/image\/\",\"url\":\"https:\/\/after-agency.com\/wp-content\/uploads\/2024\/12\/aftersharetv_logo-2.jpeg\",\"contentUrl\":\"https:\/\/after-agency.com\/wp-content\/uploads\/2024\/12\/aftersharetv_logo-2.jpeg\",\"width\":200,\"height\":200,\"caption\":\"after | Agencia Creativa\"},\"image\":{\"@id\":\"https:\/\/after-agency.com\/ca\/#\/schema\/logo\/image\/\"},\"sameAs\":[\"https:\/\/x.com\/SomosAfter\",\"https:\/\/www.instagram.com\/somosafter\",\"https:\/\/www.linkedin.com\/company\/somosafter\"]}]}<\/script>\n<!-- \/ Yoast SEO plugin. -->","yoast_head_json":{"title":"Metodologia - after | Agencia Creativa","robots":{"index":"index","follow":"follow","max-snippet":"max-snippet:-1","max-image-preview":"max-image-preview:large","max-video-preview":"max-video-preview:-1"},"canonical":"https:\/\/after-agency.com\/ca\/metodologia\/","og_locale":"ca_ES","og_type":"article","og_title":"Metodologia - after | Agencia Creativa","og_description":"La nostra definici\u00f3 de \u201cEstrat\u00e8gia\u201d passa per les preguntes que et fas, no per les respostes que se solen donar. Una metodologia enregistrada que ens guia en arrencar cada projecte des de fa m\u00e9s de 10 anys. Una eina per ordenar estrat\u00e8gicament i pensar de manera disruptiva i \u00fatil. Un workshop amb m\u00e9s de 20 [&hellip;]","og_url":"https:\/\/after-agency.com\/ca\/metodologia\/","og_site_name":"after | Agencia Creativa","article_modified_time":"2025-07-05T10:44:52+00:00","og_image":[{"width":1108,"height":1060,"url":"https:\/\/after-agency.com\/wp-content\/uploads\/2024\/07\/PQC.png","type":"image\/png"}],"twitter_card":"summary_large_image","twitter_site":"@SomosAfter","twitter_misc":{"Temps estimat de lectura":"1 minut"},"schema":{"@context":"https:\/\/schema.org","@graph":[{"@type":"WebPage","@id":"https:\/\/after-agency.com\/ca\/metodologia\/","url":"https:\/\/after-agency.com\/ca\/metodologia\/","name":"Metodologia - after | Agencia Creativa","isPartOf":{"@id":"https:\/\/after-agency.com\/ca\/#website"},"primaryImageOfPage":{"@id":"https:\/\/after-agency.com\/ca\/metodologia\/#primaryimage"},"image":{"@id":"https:\/\/after-agency.com\/ca\/metodologia\/#primaryimage"},"thumbnailUrl":"https:\/\/after-agency.com\/wp-content\/uploads\/2024\/07\/PQC-1024x980.png","datePublished":"2024-07-10T09:48:24+00:00","dateModified":"2025-07-05T10:44:52+00:00","breadcrumb":{"@id":"https:\/\/after-agency.com\/ca\/metodologia\/#breadcrumb"},"inLanguage":"ca","potentialAction":[{"@type":"ReadAction","target":["https:\/\/after-agency.com\/ca\/metodologia\/"]}]},{"@type":"ImageObject","inLanguage":"ca","@id":"https:\/\/after-agency.com\/ca\/metodologia\/#primaryimage","url":"https:\/\/after-agency.com\/wp-content\/uploads\/2024\/07\/PQC-1024x980.png","contentUrl":"https:\/\/after-agency.com\/wp-content\/uploads\/2024\/07\/PQC-1024x980.png"},{"@type":"BreadcrumbList","@id":"https:\/\/after-agency.com\/ca\/metodologia\/#breadcrumb","itemListElement":[{"@type":"ListItem","position":1,"name":"Portada","item":"https:\/\/after-agency.com\/ca\/"},{"@type":"ListItem","position":2,"name":"Metodologia"}]},{"@type":"WebSite","@id":"https:\/\/after-agency.com\/ca\/#website","url":"https:\/\/after-agency.com\/ca\/","name":"after | Agencia Creativa","description":"","publisher":{"@id":"https:\/\/after-agency.com\/ca\/#organization"},"potentialAction":[{"@type":"SearchAction","target":{"@type":"EntryPoint","urlTemplate":"https:\/\/after-agency.com\/ca\/?s={search_term_string}"},"query-input":{"@type":"PropertyValueSpecification","valueRequired":true,"valueName":"search_term_string"}}],"inLanguage":"ca"},{"@type":"Organization","@id":"https:\/\/after-agency.com\/ca\/#organization","name":"after | Agencia Creativa","url":"https:\/\/after-agency.com\/ca\/","logo":{"@type":"ImageObject","inLanguage":"ca","@id":"https:\/\/after-agency.com\/ca\/#\/schema\/logo\/image\/","url":"https:\/\/after-agency.com\/wp-content\/uploads\/2024\/12\/aftersharetv_logo-2.jpeg","contentUrl":"https:\/\/after-agency.com\/wp-content\/uploads\/2024\/12\/aftersharetv_logo-2.jpeg","width":200,"height":200,"caption":"after | Agencia Creativa"},"image":{"@id":"https:\/\/after-agency.com\/ca\/#\/schema\/logo\/image\/"},"sameAs":["https:\/\/x.com\/SomosAfter","https:\/\/www.instagram.com\/somosafter","https:\/\/www.linkedin.com\/company\/somosafter"]}]}},"_links":{"self":[{"href":"https:\/\/after-agency.com\/ca\/wp-json\/wp\/v2\/pages\/2968","targetHints":{"allow":["GET"]}}],"collection":[{"href":"https:\/\/after-agency.com\/ca\/wp-json\/wp\/v2\/pages"}],"about":[{"href":"https:\/\/after-agency.com\/ca\/wp-json\/wp\/v2\/types\/page"}],"author":[{"embeddable":true,"href":"https:\/\/after-agency.com\/ca\/wp-json\/wp\/v2\/users\/1"}],"replies":[{"embeddable":true,"href":"https:\/\/after-agency.com\/ca\/wp-json\/wp\/v2\/comments?post=2968"}],"version-history":[{"count":2,"href":"https:\/\/after-agency.com\/ca\/wp-json\/wp\/v2\/pages\/2968\/revisions"}],"predecessor-version":[{"id":9417,"href":"https:\/\/after-agency.com\/ca\/wp-json\/wp\/v2\/pages\/2968\/revisions\/9417"}],"wp:attachment":[{"href":"https:\/\/after-agency.com\/ca\/wp-json\/wp\/v2\/media?parent=2968"}],"curies":[{"name":"wp","href":"https:\/\/api.w.org\/{rel}","templated":true}]}}